{"id":146,"date":"2023-11-16T17:32:43","date_gmt":"2023-11-16T16:32:43","guid":{"rendered":"https:\/\/www.moulinforville.com\/wordpress\/?page_id=146"},"modified":"2024-03-24T17:25:18","modified_gmt":"2024-03-24T16:25:18","slug":"historique","status":"publish","type":"page","link":"https:\/\/www.moulinforville.com\/wordpress\/historique\/","title":{"rendered":"Historique de l&rsquo;Association"},"content":{"rendered":"\t\t<div data-elementor-type=\"wp-page\" data-elementor-id=\"146\" class=\"elementor elementor-146\">\n\t\t\t\t<div class=\"elementor-element elementor-element-4fc1e33 e-flex e-con-boxed e-con e-parent\" data-id=\"4fc1e33\" data-element_type=\"container\" data-e-type=\"container\">\n\t\t\t\t\t<div class=\"e-con-inner\">\n\t\t\t\t\t<\/div>\n\t\t\t\t<\/div>\n\t\t<div class=\"elementor-element elementor-element-b261501 e-flex e-con-boxed e-con e-parent\" data-id=\"b261501\" data-element_type=\"container\" data-e-type=\"container\">\n\t\t\t\t\t<div class=\"e-con-inner\">\n\t\t\t\t<div class=\"elementor-element elementor-element-44f51f1 elementor-widget elementor-widget-text-editor\" data-id=\"44f51f1\" data-element_type=\"widget\" data-e-type=\"widget\" data-widget_type=\"text-editor.default\">\n\t\t\t\t<div class=\"elementor-widget-container\">\n\t\t\t\t\t\t\t\t\t<p>HISTORIQUE<\/p><p>ASSOCIATION MOULIN FORVILLE \u2013 MUSEE VICTOR TUBY<\/p><p>Le \u00ab\u00a0MOULIN FORVILLE\u00a0\u00bb \u00e9tait la propri\u00e9t\u00e9 de VICTOR TUBY. Il s\u2019agit d\u2019un moulin \u00e0 huile dont la date est incertaine. La l\u00e9gende cannoise le date de 1316 et le qualifie de \u00ab\u00a0Moulin abbatial\u00a0\u00bb. Les pressoirs quant \u00e0 eux datent du 18<sup>\u00e8me<\/sup> si\u00e8cle. Une autre l\u00e9gende certifie qu\u2019un souterrain le relie \u00e0 la place de la Castre.<\/p><p>Victor Tuby, dont c\u2019\u00e9tait la demeure, y a accumul\u00e9\u201a une importante collection de costumes anciens, objets traditionnels, livres etc&#8230; relatifs au pass\u00e9 de la Provence. Il avait fait de ce moulin, un mus\u00e9e priv\u00e9 et un lieu d&rsquo;animation culturelle consacr\u00e9 \u00e0 la pr\u00e9sentation des traditions proven\u00e7ales.<\/p><p>Il poss\u00e9dait \u00e9galement dans son moulin, son atelier de statuaire, ainsi que son laboratoire en biologie, physique et chimie gal\u00e9nique. Tout est rest\u00e9 in situ.<\/p><p>Il est de plus le cr\u00e9ateur de l&rsquo;Acad\u00e9mie Proven\u00e7ale.<\/p><p>Monsieur Victor Tuby est d\u00e9c\u00e9d\u00e9 en 1945, son \u00e9pouse n\u00e9e CLEMENT Suzanne, Eug\u00e9nie, a h\u00e9rit\u00e9 du Moulin. Elle est elle-m\u00eame d\u00e9c\u00e9d\u00e9e le 29 Ao\u00fbt 1975.<\/p><p>Dans son testament, elle instituait en qualit\u00e9 de l\u00e9gataire universelle, Madame Mauricette GAUNET, Veuve ROUSTAN, \u00e0 charge par elle notamment d&rsquo;ex\u00e9cuter la d\u00e9livrance d&rsquo;un legs particulier (le Moulin Forville et ses annexes), \u00e9tabli au profit de la SOCIETE SCIENTIFIQUE ET LITTERAIRE de CANNES (SSL) \u00e0 condition d&rsquo;en faire un mus\u00e9e.<\/p><p>La Soci\u00e9t\u00e9 Scientifique et Litt\u00e9raire n&rsquo;est jamais entr\u00e9e en possession de ce legs particulier, car \u00e9tant une Association Loi 1901 non reconnue d&rsquo;utilit\u00e9 publique, elle n&rsquo;en avait pas la capacit\u00e9 juridique. Elle a n\u00e9anmoins fait preuve d&rsquo;une certaine n\u00e9gligence, puisqu&rsquo;elle \u00e9tait au courant de cette obligation bien avant le d\u00e9c\u00e8s de Madame TUBY.<\/p><p>Les choses demeur\u00e8rent en l&rsquo;\u00e9tat durant 17 ans.<\/p><p>* * *<\/p><p>C&rsquo;est pourquoi, Madame Mauricette ROUSTAN, l\u00e9gataire universelle de Madame TUBY, a recherch\u00e9, avec des personnes passionn\u00e9es comme elle de l&rsquo;histoire de la Provence, une solution au probl\u00e8me (Me Andr\u00e9-Charles BLANC, Mr Lucien AUDRIN, Mme Anne-Marie AVI-CAGNON, Ma\u00eetre Guy DAGONNOT et Monsieur le B\u00e2tonnier Philippe MOUGINS).<\/p><p><strong>CREATION DE L&rsquo;ASSOCIATION DU MOULIN FORVILLE &#8211; MUSEE VICTOR TUBY<\/strong><br \/>Ils ont ensemble d\u00e9cid\u00e9 de cr\u00e9er une Association Loi 1901, \u00e0 laquelle Mme ROUSTAN pourrait donner les collections de Victor Tuby afin de les entretenir et de les exposer, mais qui pourrait aussi \u00e9galement \u00eatre charg\u00e9e de la promotion du futur Mus\u00e9e.<\/p><p>Les murs du Moulin devant, quant \u00e0 eux, \u00eatre donn\u00e9s \u00e0 la ville de CANNES.<\/p><p>Cette association ayant pour principal objet la sauvegarde, la restauration, la gestion et la promotion du Moulin Forville a \u00e9t\u00e9 cr\u00e9\u00e9e, le 2 Juin 1993.<\/p><p><strong>DON MANUEL DES MEUBLES A L&rsquo;ASSOCIATION<\/strong><br \/>En octobre 1993, Madame Mauricette ROUSTAN a sign\u00e9 une promesse de donation des murs du Moulin Forville \u00e0 la ville de Cannes.<\/p><p>Elle a \u00e9galement sign\u00e9 une donation des collections \u00e0 l&rsquo;Association.<\/p><p>H\u00e9las Madame Mauricette ROUSTAN est d\u00e9c\u00e9d\u00e9e en Avril 1994 avant d&rsquo;avoir pu r\u00e9aliser la donation des murs du Moulin \u00e0 la Ville.<\/p><p>* * *\u00a0\u00a0<\/p><p><strong>PROCEDURE EN SUBSTITUTION<\/strong><br \/>En accord avec toutes les parties, le 23 Novembre 1994, la S.S.L a assign\u00e9 devant le T.G.I. de Grasse, la Ville de Cannes et les hoirs Roustan, pour demander au Tribunal d&rsquo;effectuer une substitution de l\u00e9gataire dans le testament de Madame TUBY.<br \/>Selon le demandeur, il convenait de substituer la Ville de Cannes dans le b\u00e9n\u00e9fice du Legs initialement accord\u00e9 \u00e0 la S.S.L.<\/p><p>Forte de ces ententes, l&rsquo;association MOULIN FORVILLE &#8211; MUSEE VICTOR TUBY a fait une intervention volontaire dans la proc\u00e9dure \u00e0 l&rsquo;effet de faire reconna\u00eetre officiellement le don manuel de Madame Mauricette ROUSTAN portant sur les biens mobiliers.<\/p><p>L\u2019avocat b\u00e9n\u00e9vole de l\u2019association a \u00e9t\u00e9 Me Pierre Dagonnot, avocat au Barreau de Grasse et au Barreau de Londres et dipl\u00f4m\u00e9 notaire, qui a appr\u00e9hend\u00e9 ce dossier d\u2019une rare complexit\u00e9 juridique.<\/p><p>La secr\u00e9taire b\u00e9n\u00e9vole de toutes ces proc\u00e9dures a \u00e9t\u00e9 madame Genevi\u00e8ve Mougins de Bustos, secr\u00e9taire juridique, et fille du B\u00e2tonnier Mougins membre fondateur de l\u2019association.<\/p><p>Trois Arr\u00eats de la Cour d\u2019Appel d\u2019Aix en Provence ont aboutit \u00e0 la suite de ces proc\u00e9dures.<\/p><p><strong>1\u00b0) L\u2019Arr\u00eat de la Cour d\u2019Appel<\/strong> en date du 31 Mars 1998 qui a stipul\u00e9\u00a0: que l\u2019Association Moulin Forville est propri\u00e9taire du mobilier et que la Ville de Cannes, propri\u00e9taire des murs, doit respecter les charges et conditions du Testament en r\u00e9alisant un Mus\u00e9e des Traditions de Provence.<\/p><p><strong>2\u00b0)<\/strong> <strong>L\u2019Arr\u00eat en interpr\u00e9tation<\/strong>\u00a0en date du 2 Novembre 1999 qui pr\u00e9cise que le mobilier de l\u2019Association Moulin Forville ne peut pas \u00eatre d\u00e9plac\u00e9 et doit \u00eatre expos\u00e9 dans le Mus\u00e9e Proven\u00e7al.<\/p><p><strong>3\u00b0)<\/strong> <strong>L\u2019Arr\u00eat de la Cour d\u2019Appel du JEX<\/strong> du 25 Octobre 2002 qui pr\u00e9cise que :<br \/><em><strong>\u00ab L\u2019Association Moulin Forville dispose de la propri\u00e9t\u00e9 du mobilier garnissant l\u2019immeuble, du droit d\u2019obtenir la r\u00e9alisation d\u2019un Mus\u00e9e des Traditions de Provence et du droit de veiller \u00e0 ce que l\u2019immeuble du Moulin Forville soit maintenu dans l\u2019ambiance et le principe actuel ce qui implique l\u2019impossibilit\u00e9 de d\u00e9placer le mobilier. Dans ces conditions, elle dispose d\u2019un int\u00e9r\u00eat certain \u00e0 ce qu\u2019aucune d\u00e9cision qui porterait atteinte aux droits sus mentionn\u00e9s ne soit prise \u00bb.<\/strong><\/em><\/p><p><em>\u00a0<\/em><\/p><p><strong>La VILLE DE CANNES<\/strong>, propri\u00e9taire des murs du Moulin va maintenant r\u00e9aliser le mus\u00e9e Victor Tuby avec la collaboration de l\u2019association. Des contrats ont \u00e9t\u00e9 pass\u00e9s.<\/p><p>Le d\u00e9but des travaux de r\u00e9habilitation du moulin est pr\u00e9vu pour 2024. Il convient de restaurer les endroits d\u00e9grad\u00e9s par le temps, de pr\u00e9parer le mus\u00e9e et surtout de r\u00e9aliser l\u2019accessibilit\u00e9 du b\u00e2timent pour les handicap\u00e9s.<\/p><p>Une demande de Maison d\u2019Illustre sera faite. Et il faudra attendre au moins 3 ans avant de pouvoir inaugurer le mus\u00e9e.<\/p>\t\t\t\t\t\t\t\t<\/div>\n\t\t\t\t<\/div>\n\t\t\t\t\t<\/div>\n\t\t\t\t<\/div>\n\t\t\t\t<\/div>\n\t\t","protected":false},"excerpt":{"rendered":"<p>HISTORIQUE ASSOCIATION MOULIN FORVILLE \u2013 MUSEE VICTOR TUBY Le \u00ab\u00a0MOULIN FORVILLE\u00a0\u00bb \u00e9tait la propri\u00e9t\u00e9 de VICTOR TUBY. Il s\u2019agit d\u2019un moulin \u00e0 huile dont la date est incertaine. La l\u00e9gende cannoise le date de 1316 et le qualifie de \u00ab\u00a0Moulin abbatial\u00a0\u00bb. Les pressoirs quant \u00e0 eux datent du 18\u00e8me si\u00e8cle. Une autre l\u00e9gende certifie qu\u2019un&hellip; <a class=\"more-link\" href=\"https:\/\/www.moulinforville.com\/wordpress\/historique\/\">Poursuivre la lecture <span class=\"screen-reader-text\">Historique de l&rsquo;Association<\/span><\/a><\/p>\n","protected":false},"author":1,"featured_media":0,"parent":0,"menu_order":0,"comment_status":"closed","ping_status":"closed","template":"","meta":{"footnotes":""},"class_list":["post-146","page","type-page","status-publish","hentry","entry"],"yoast_head":"<!-- This site is optimized with the Yoast SEO plugin v27.3 - https:\/\/yoast.com\/product\/yoast-seo-wordpress\/ -->\r\n<title>Historique de l&#039;Association - Moulin Forville - Mus\u00e9e Victor Tuby<\/title>\r\n<meta name=\"robots\" content=\"index, follow, max-snippet:-1, max-image-preview:large, max-video-preview:-1\" \/>\r\n<link rel=\"canonical\" href=\"https:\/\/www.moulinforville.com\/wordpress\/historique\/\" \/>\r\n<meta property=\"og:locale\" content=\"fr_FR\" \/>\r\n<meta property=\"og:type\" content=\"article\" \/>\r\n<meta property=\"og:title\" content=\"Historique de l&#039;Association - Moulin Forville - Mus\u00e9e Victor Tuby\" \/>\r\n<meta property=\"og:description\" content=\"HISTORIQUE ASSOCIATION MOULIN FORVILLE \u2013 MUSEE VICTOR TUBY Le \u00ab\u00a0MOULIN FORVILLE\u00a0\u00bb \u00e9tait la propri\u00e9t\u00e9 de VICTOR TUBY. Il s\u2019agit d\u2019un moulin \u00e0 huile dont la date est incertaine. La l\u00e9gende cannoise le date de 1316 et le qualifie de \u00ab\u00a0Moulin abbatial\u00a0\u00bb. Les pressoirs quant \u00e0 eux datent du 18\u00e8me si\u00e8cle. Une autre l\u00e9gende certifie qu\u2019un&hellip; Poursuivre la lecture Historique de l&rsquo;Association\" \/>\r\n<meta property=\"og:url\" content=\"https:\/\/www.moulinforville.com\/wordpress\/historique\/\" \/>\r\n<meta property=\"og:site_name\" content=\"Moulin Forville - Mus\u00e9e Victor Tuby\" \/>\r\n<meta property=\"article:modified_time\" content=\"2024-03-24T16:25:18+00:00\" \/>\r\n<meta name=\"twitter:card\" content=\"summary_large_image\" \/>\r\n<meta name=\"twitter:label1\" content=\"Dur\u00e9e de lecture estim\u00e9e\" \/>\n\t<meta name=\"twitter:data1\" content=\"5 minutes\" \/>\r\n<script type=\"application\/ld+json\" class=\"yoast-schema-graph\">{\"@context\":\"https:\\\/\\\/schema.org\",\"@graph\":[{\"@type\":\"WebPage\",\"@id\":\"https:\\\/\\\/www.moulinforville.com\\\/wordpress\\\/historique\\\/\",\"url\":\"https:\\\/\\\/www.moulinforville.com\\\/wordpress\\\/historique\\\/\",\"name\":\"Historique de l'Association - Moulin Forville - Mus\u00e9e Victor Tuby\",\"isPartOf\":{\"@id\":\"https:\\\/\\\/www.moulinforville.com\\\/wordpress\\\/#website\"},\"datePublished\":\"2023-11-16T16:32:43+00:00\",\"dateModified\":\"2024-03-24T16:25:18+00:00\",\"breadcrumb\":{\"@id\":\"https:\\\/\\\/www.moulinforville.com\\\/wordpress\\\/historique\\\/#breadcrumb\"},\"inLanguage\":\"fr-FR\",\"potentialAction\":[{\"@type\":\"ReadAction\",\"target\":[\"https:\\\/\\\/www.moulinforville.com\\\/wordpress\\\/historique\\\/\"]}]},{\"@type\":\"BreadcrumbList\",\"@id\":\"https:\\\/\\\/www.moulinforville.com\\\/wordpress\\\/historique\\\/#breadcrumb\",\"itemListElement\":[{\"@type\":\"ListItem\",\"position\":1,\"name\":\"Accueil\",\"item\":\"https:\\\/\\\/www.moulinforville.com\\\/wordpress\\\/\"},{\"@type\":\"ListItem\",\"position\":2,\"name\":\"Historique de l&rsquo;Association\"}]},{\"@type\":\"WebSite\",\"@id\":\"https:\\\/\\\/www.moulinforville.com\\\/wordpress\\\/#website\",\"url\":\"https:\\\/\\\/www.moulinforville.com\\\/wordpress\\\/\",\"name\":\"Moulin Forville - Mus\u00e9e Victor Tuby\",\"description\":\"\",\"publisher\":{\"@id\":\"https:\\\/\\\/www.moulinforville.com\\\/wordpress\\\/#organization\"},\"potentialAction\":[{\"@type\":\"SearchAction\",\"target\":{\"@type\":\"EntryPoint\",\"urlTemplate\":\"https:\\\/\\\/www.moulinforville.com\\\/wordpress\\\/?s={search_term_string}\"},\"query-input\":{\"@type\":\"PropertyValueSpecification\",\"valueRequired\":true,\"valueName\":\"search_term_string\"}}],\"inLanguage\":\"fr-FR\"},{\"@type\":\"Organization\",\"@id\":\"https:\\\/\\\/www.moulinforville.com\\\/wordpress\\\/#organization\",\"name\":\"Moulin Forville - Mus\u00e9e Victor Tuby\",\"url\":\"https:\\\/\\\/www.moulinforville.com\\\/wordpress\\\/\",\"logo\":{\"@type\":\"ImageObject\",\"inLanguage\":\"fr-FR\",\"@id\":\"https:\\\/\\\/www.moulinforville.com\\\/wordpress\\\/#\\\/schema\\\/logo\\\/image\\\/\",\"url\":\"https:\\\/\\\/www.moulinforville.com\\\/wordpress\\\/wp-content\\\/uploads\\\/2023\\\/11\\\/logo-moulin-r-e1700156841480.jpg\",\"contentUrl\":\"https:\\\/\\\/www.moulinforville.com\\\/wordpress\\\/wp-content\\\/uploads\\\/2023\\\/11\\\/logo-moulin-r-e1700156841480.jpg\",\"width\":740,\"height\":691,\"caption\":\"Moulin Forville - Mus\u00e9e Victor Tuby\"},\"image\":{\"@id\":\"https:\\\/\\\/www.moulinforville.com\\\/wordpress\\\/#\\\/schema\\\/logo\\\/image\\\/\"}}]}<\/script>\r\n<!-- \/ Yoast SEO plugin. -->","yoast_head_json":{"title":"Historique de l'Association - Moulin Forville - Mus\u00e9e Victor Tuby","robots":{"index":"index","follow":"follow","max-snippet":"max-snippet:-1","max-image-preview":"max-image-preview:large","max-video-preview":"max-video-preview:-1"},"canonical":"https:\/\/www.moulinforville.com\/wordpress\/historique\/","og_locale":"fr_FR","og_type":"article","og_title":"Historique de l'Association - Moulin Forville - Mus\u00e9e Victor Tuby","og_description":"HISTORIQUE ASSOCIATION MOULIN FORVILLE \u2013 MUSEE VICTOR TUBY Le \u00ab\u00a0MOULIN FORVILLE\u00a0\u00bb \u00e9tait la propri\u00e9t\u00e9 de VICTOR TUBY. Il s\u2019agit d\u2019un moulin \u00e0 huile dont la date est incertaine. La l\u00e9gende cannoise le date de 1316 et le qualifie de \u00ab\u00a0Moulin abbatial\u00a0\u00bb. Les pressoirs quant \u00e0 eux datent du 18\u00e8me si\u00e8cle. Une autre l\u00e9gende certifie qu\u2019un&hellip; Poursuivre la lecture Historique de l&rsquo;Association","og_url":"https:\/\/www.moulinforville.com\/wordpress\/historique\/","og_site_name":"Moulin Forville - Mus\u00e9e Victor Tuby","article_modified_time":"2024-03-24T16:25:18+00:00","twitter_card":"summary_large_image","twitter_misc":{"Dur\u00e9e de lecture estim\u00e9e":"5 minutes"},"schema":{"@context":"https:\/\/schema.org","@graph":[{"@type":"WebPage","@id":"https:\/\/www.moulinforville.com\/wordpress\/historique\/","url":"https:\/\/www.moulinforville.com\/wordpress\/historique\/","name":"Historique de l'Association - Moulin Forville - Mus\u00e9e Victor Tuby","isPartOf":{"@id":"https:\/\/www.moulinforville.com\/wordpress\/#website"},"datePublished":"2023-11-16T16:32:43+00:00","dateModified":"2024-03-24T16:25:18+00:00","breadcrumb":{"@id":"https:\/\/www.moulinforville.com\/wordpress\/historique\/#breadcrumb"},"inLanguage":"fr-FR","potentialAction":[{"@type":"ReadAction","target":["https:\/\/www.moulinforville.com\/wordpress\/historique\/"]}]},{"@type":"BreadcrumbList","@id":"https:\/\/www.moulinforville.com\/wordpress\/historique\/#breadcrumb","itemListElement":[{"@type":"ListItem","position":1,"name":"Accueil","item":"https:\/\/www.moulinforville.com\/wordpress\/"},{"@type":"ListItem","position":2,"name":"Historique de l&rsquo;Association"}]},{"@type":"WebSite","@id":"https:\/\/www.moulinforville.com\/wordpress\/#website","url":"https:\/\/www.moulinforville.com\/wordpress\/","name":"Moulin Forville - Mus\u00e9e Victor Tuby","description":"","publisher":{"@id":"https:\/\/www.moulinforville.com\/wordpress\/#organization"},"potentialAction":[{"@type":"SearchAction","target":{"@type":"EntryPoint","urlTemplate":"https:\/\/www.moulinforville.com\/wordpress\/?s={search_term_string}"},"query-input":{"@type":"PropertyValueSpecification","valueRequired":true,"valueName":"search_term_string"}}],"inLanguage":"fr-FR"},{"@type":"Organization","@id":"https:\/\/www.moulinforville.com\/wordpress\/#organization","name":"Moulin Forville - Mus\u00e9e Victor Tuby","url":"https:\/\/www.moulinforville.com\/wordpress\/","logo":{"@type":"ImageObject","inLanguage":"fr-FR","@id":"https:\/\/www.moulinforville.com\/wordpress\/#\/schema\/logo\/image\/","url":"https:\/\/www.moulinforville.com\/wordpress\/wp-content\/uploads\/2023\/11\/logo-moulin-r-e1700156841480.jpg","contentUrl":"https:\/\/www.moulinforville.com\/wordpress\/wp-content\/uploads\/2023\/11\/logo-moulin-r-e1700156841480.jpg","width":740,"height":691,"caption":"Moulin Forville - Mus\u00e9e Victor Tuby"},"image":{"@id":"https:\/\/www.moulinforville.com\/wordpress\/#\/schema\/logo\/image\/"}}]}},"_links":{"self":[{"href":"https:\/\/www.moulinforville.com\/wordpress\/wp-json\/wp\/v2\/pages\/146","targetHints":{"allow":["GET"]}}],"collection":[{"href":"https:\/\/www.moulinforville.com\/wordpress\/wp-json\/wp\/v2\/pages"}],"about":[{"href":"https:\/\/www.moulinforville.com\/wordpress\/wp-json\/wp\/v2\/types\/page"}],"author":[{"embeddable":true,"href":"https:\/\/www.moulinforville.com\/wordpress\/wp-json\/wp\/v2\/users\/1"}],"replies":[{"embeddable":true,"href":"https:\/\/www.moulinforville.com\/wordpress\/wp-json\/wp\/v2\/comments?post=146"}],"version-history":[{"count":11,"href":"https:\/\/www.moulinforville.com\/wordpress\/wp-json\/wp\/v2\/pages\/146\/revisions"}],"predecessor-version":[{"id":623,"href":"https:\/\/www.moulinforville.com\/wordpress\/wp-json\/wp\/v2\/pages\/146\/revisions\/623"}],"wp:attachment":[{"href":"https:\/\/www.moulinforville.com\/wordpress\/wp-json\/wp\/v2\/media?parent=146"}],"curies":[{"name":"wp","href":"https:\/\/api.w.org\/{rel}","templated":true}]}}