{"id":18,"date":"2023-11-12T18:08:55","date_gmt":"2023-11-12T17:08:55","guid":{"rendered":"https:\/\/www.moulinforville.com\/wordpress\/?page_id=18"},"modified":"2023-12-19T16:41:41","modified_gmt":"2023-12-19T15:41:41","slug":"qui-sommes-nous","status":"publish","type":"page","link":"https:\/\/www.moulinforville.com\/wordpress\/qui-sommes-nous\/","title":{"rendered":"Qui sommes-nous ?"},"content":{"rendered":"\t\t<div data-elementor-type=\"wp-page\" data-elementor-id=\"18\" class=\"elementor elementor-18\">\n\t\t\t\t<div class=\"elementor-element elementor-element-33b5dd4b e-flex e-con-boxed e-con e-parent\" data-id=\"33b5dd4b\" data-element_type=\"container\" data-e-type=\"container\">\n\t\t\t\t\t<div class=\"e-con-inner\">\n\t\t\t\t<div class=\"elementor-element elementor-element-1933f987 elementor-widget elementor-widget-text-editor\" data-id=\"1933f987\" data-element_type=\"widget\" data-e-type=\"widget\" data-widget_type=\"text-editor.default\">\n\t\t\t\t<div class=\"elementor-widget-container\">\n\t\t\t\t\t\t\t\t\t<p><\/p>\n<p>Nous sommes une association loi 1901 cr\u00e9\u00e9e en 1993<\/p>\n<p><\/p>\n<p>Notre but est la r\u00e9alisation du Mus\u00e9e Victor Tuby, situ\u00e9 dans le Moulin Forville, 17 rue Forville \u00e0 Cannes.<\/p>\n<p><\/p>\n<p>Pour le 30\u00e8me anniversaire de l&rsquo;association, nous avons rendu hommage aux fondateurs qui nous ont quitt\u00e9s :<\/p>\n<p><\/p>\n<p>Madame Mauricette Roustan, Monsieur le B\u00e2tonnier Philippe Mougins, Ma\u00eetre Andr\u00e9-Charles Blanc, Ma\u00eetre Paul Bernard, Monsieur Lucien Audrin, Monsieur Jacques Dozol&#8230; et tous les b\u00e9n\u00e9voles partis avant de voir la r\u00e9alisation du Mus\u00e9e.<\/p>\n<p><\/p>\n<figure class=\"wp-block-image size-large\"><img fetchpriority=\"high\" decoding=\"async\" width=\"1024\" height=\"610\" class=\"wp-image-490\" src=\"https:\/\/www.moulinforville.com\/wordpress\/wp-content\/uploads\/2023\/12\/IMG_20230701_162531r-e1702994726441-1024x610.jpg\" alt=\"\" srcset=\"https:\/\/www.moulinforville.com\/wordpress\/wp-content\/uploads\/2023\/12\/IMG_20230701_162531r-e1702994726441-1024x610.jpg 1024w, https:\/\/www.moulinforville.com\/wordpress\/wp-content\/uploads\/2023\/12\/IMG_20230701_162531r-e1702994726441-300x179.jpg 300w, https:\/\/www.moulinforville.com\/wordpress\/wp-content\/uploads\/2023\/12\/IMG_20230701_162531r-e1702994726441-768x458.jpg 768w, https:\/\/www.moulinforville.com\/wordpress\/wp-content\/uploads\/2023\/12\/IMG_20230701_162531r-e1702994726441-1536x915.jpg 1536w, https:\/\/www.moulinforville.com\/wordpress\/wp-content\/uploads\/2023\/12\/IMG_20230701_162531r-e1702994726441-1568x934.jpg 1568w, https:\/\/www.moulinforville.com\/wordpress\/wp-content\/uploads\/2023\/12\/IMG_20230701_162531r-e1702994726441.jpg 1796w\" sizes=\"(max-width: 1024px) 100vw, 1024px\" \/>\n<p>\u00a0<\/p>\n<figcaption class=\"wp-element-caption\">Les fondateurs et b\u00e9n\u00e9voles aujourd&rsquo;hui disparus<\/figcaption>\n<\/figure>\n<p><\/p>\n<figure class=\"wp-block-image size-large\"><img decoding=\"async\" width=\"1024\" height=\"480\" class=\"wp-image-489\" src=\"https:\/\/www.moulinforville.com\/wordpress\/wp-content\/uploads\/2023\/12\/IMG_20230701_162521r-e1702994665538-1024x480.jpg\" alt=\"\" srcset=\"https:\/\/www.moulinforville.com\/wordpress\/wp-content\/uploads\/2023\/12\/IMG_20230701_162521r-e1702994665538-1024x480.jpg 1024w, https:\/\/www.moulinforville.com\/wordpress\/wp-content\/uploads\/2023\/12\/IMG_20230701_162521r-e1702994665538-300x141.jpg 300w, https:\/\/www.moulinforville.com\/wordpress\/wp-content\/uploads\/2023\/12\/IMG_20230701_162521r-e1702994665538-768x360.jpg 768w, https:\/\/www.moulinforville.com\/wordpress\/wp-content\/uploads\/2023\/12\/IMG_20230701_162521r-e1702994665538-1536x720.jpg 1536w, https:\/\/www.moulinforville.com\/wordpress\/wp-content\/uploads\/2023\/12\/IMG_20230701_162521r-e1702994665538-1568x735.jpg 1568w, https:\/\/www.moulinforville.com\/wordpress\/wp-content\/uploads\/2023\/12\/IMG_20230701_162521r-e1702994665538.jpg 1963w\" sizes=\"(max-width: 1024px) 100vw, 1024px\" \/>\n<p>\u00a0<\/p>\n<figcaption class=\"wp-element-caption\">Les b\u00e9n\u00e9voles disparus r\u00e9cemment<\/figcaption>\n<\/figure>\n<p><\/p>\t\t\t\t\t\t\t\t<\/div>\n\t\t\t\t<\/div>\n\t\t\t\t\t<\/div>\n\t\t\t\t<\/div>\n\t\t<div class=\"elementor-element elementor-element-b1987ef e-flex e-con-boxed e-con e-parent\" data-id=\"b1987ef\" data-element_type=\"container\" data-e-type=\"container\">\n\t\t\t\t\t<div class=\"e-con-inner\">\n\t\t\t\t<div class=\"elementor-element elementor-element-318aa1a elementor-widget elementor-widget-text-editor\" data-id=\"318aa1a\" data-element_type=\"widget\" data-e-type=\"widget\" data-widget_type=\"text-editor.default\">\n\t\t\t\t<div class=\"elementor-widget-container\">\n\t\t\t\t\t\t\t\t\t<p style=\"text-align: center;\">L&rsquo;association est actuellement dirig\u00e9e par un Conseil d&rsquo;Administration dont voici les principaux membres :<\/p>\t\t\t\t\t\t\t\t<\/div>\n\t\t\t\t<\/div>\n\t\t\t\t\t<\/div>\n\t\t\t\t<\/div>\n\t\t<div class=\"elementor-element elementor-element-e683157 e-flex e-con-boxed e-con e-parent\" data-id=\"e683157\" data-element_type=\"container\" data-e-type=\"container\">\n\t\t\t\t\t<div class=\"e-con-inner\">\n\t\t\t\t<div class=\"elementor-element elementor-element-2036b9e elementor-widget elementor-widget-image\" data-id=\"2036b9e\" data-element_type=\"widget\" data-e-type=\"widget\" data-widget_type=\"image.default\">\n\t\t\t\t<div class=\"elementor-widget-container\">\n\t\t\t\t\t\t\t\t\t\t\t\t<figure class=\"wp-caption\">\n\t\t\t\t\t\t\t\t\t\t<img decoding=\"async\" width=\"462\" height=\"594\" src=\"https:\/\/www.moulinforville.com\/wordpress\/wp-content\/uploads\/2023\/12\/Annie-e1702998324461.jpg\" class=\"attachment-large size-large wp-image-499\" alt=\"\" srcset=\"https:\/\/www.moulinforville.com\/wordpress\/wp-content\/uploads\/2023\/12\/Annie-e1702998324461.jpg 462w, https:\/\/www.moulinforville.com\/wordpress\/wp-content\/uploads\/2023\/12\/Annie-e1702998324461-233x300.jpg 233w\" sizes=\"(max-width: 462px) 100vw, 462px\" style=\"width:100%;height:128.57%;max-width:462px\" \/>\t\t\t\t\t\t\t\t\t\t\t<figcaption class=\"widget-image-caption wp-caption-text\">Annie Avi-Cagnon, Pr\u00e9sidente<\/figcaption>\n\t\t\t\t\t\t\t\t\t\t<\/figure>\n\t\t\t\t\t\t\t\t\t<\/div>\n\t\t\t\t<\/div>\n\t\t\t\t\t<\/div>\n\t\t\t\t<\/div>\n\t\t<div class=\"elementor-element elementor-element-9134b69 e-flex e-con-boxed e-con e-parent\" data-id=\"9134b69\" data-element_type=\"container\" data-e-type=\"container\">\n\t\t\t\t\t<div class=\"e-con-inner\">\n\t\t\t\t<div class=\"elementor-element elementor-element-5e7e2f0 elementor-widget elementor-widget-image\" data-id=\"5e7e2f0\" data-element_type=\"widget\" data-e-type=\"widget\" data-widget_type=\"image.default\">\n\t\t\t\t<div class=\"elementor-widget-container\">\n\t\t\t\t\t\t\t\t\t\t\t\t<figure class=\"wp-caption\">\n\t\t\t\t\t\t\t\t\t\t<img loading=\"lazy\" decoding=\"async\" width=\"622\" height=\"718\" src=\"https:\/\/www.moulinforville.com\/wordpress\/wp-content\/uploads\/2023\/12\/Pierre-e1702998193168.jpg\" class=\"attachment-large size-large wp-image-497\" alt=\"\" srcset=\"https:\/\/www.moulinforville.com\/wordpress\/wp-content\/uploads\/2023\/12\/Pierre-e1702998193168.jpg 622w, https:\/\/www.moulinforville.com\/wordpress\/wp-content\/uploads\/2023\/12\/Pierre-e1702998193168-260x300.jpg 260w\" sizes=\"(max-width: 622px) 100vw, 622px\" style=\"width:100%;height:115.43%;max-width:622px\" \/>\t\t\t\t\t\t\t\t\t\t\t<figcaption class=\"widget-image-caption wp-caption-text\">Pierre Dagonnot, Vice Pr\u00e9sident<\/figcaption>\n\t\t\t\t\t\t\t\t\t\t<\/figure>\n\t\t\t\t\t\t\t\t\t<\/div>\n\t\t\t\t<\/div>\n\t\t\t\t\t<\/div>\n\t\t\t\t<\/div>\n\t\t<div class=\"elementor-element elementor-element-ff5882c e-flex e-con-boxed e-con e-parent\" data-id=\"ff5882c\" data-element_type=\"container\" data-e-type=\"container\">\n\t\t\t\t\t<div class=\"e-con-inner\">\n\t\t\t\t<div class=\"elementor-element elementor-element-f86229a elementor-widget__width-initial elementor-widget elementor-widget-image\" data-id=\"f86229a\" data-element_type=\"widget\" data-e-type=\"widget\" data-widget_type=\"image.default\">\n\t\t\t\t<div class=\"elementor-widget-container\">\n\t\t\t\t\t\t\t\t\t\t\t\t<figure class=\"wp-caption\">\n\t\t\t\t\t\t\t\t\t\t<img loading=\"lazy\" decoding=\"async\" width=\"373\" height=\"543\" src=\"https:\/\/www.moulinforville.com\/wordpress\/wp-content\/uploads\/2023\/12\/Leon-e1702998438519.jpg\" class=\"attachment-large size-large wp-image-501\" alt=\"\" srcset=\"https:\/\/www.moulinforville.com\/wordpress\/wp-content\/uploads\/2023\/12\/Leon-e1702998438519.jpg 373w, https:\/\/www.moulinforville.com\/wordpress\/wp-content\/uploads\/2023\/12\/Leon-e1702998438519-206x300.jpg 206w\" sizes=\"(max-width: 373px) 100vw, 373px\" style=\"width:100%;height:145.58%;max-width:373px\" \/>\t\t\t\t\t\t\t\t\t\t\t<figcaption class=\"widget-image-caption wp-caption-text\">L\u00e9on Bernard, Vice-Pr\u00e9sident<\/figcaption>\n\t\t\t\t\t\t\t\t\t\t<\/figure>\n\t\t\t\t\t\t\t\t\t<\/div>\n\t\t\t\t<\/div>\n\t\t\t\t\t<\/div>\n\t\t\t\t<\/div>\n\t\t<div class=\"elementor-element elementor-element-3f78393 e-flex e-con-boxed e-con e-parent\" data-id=\"3f78393\" data-element_type=\"container\" data-e-type=\"container\">\n\t\t\t\t\t<div class=\"e-con-inner\">\n\t\t\t\t<div class=\"elementor-element elementor-element-b4a5ea4 elementor-widget__width-initial elementor-widget elementor-widget-image\" data-id=\"b4a5ea4\" data-element_type=\"widget\" data-e-type=\"widget\" data-widget_type=\"image.default\">\n\t\t\t\t<div class=\"elementor-widget-container\">\n\t\t\t\t\t\t\t\t\t\t\t\t<figure class=\"wp-caption\">\n\t\t\t\t\t\t\t\t\t\t<img loading=\"lazy\" decoding=\"async\" width=\"291\" height=\"600\" src=\"https:\/\/www.moulinforville.com\/wordpress\/wp-content\/uploads\/2023\/12\/Ginou-e1702998375625.jpg\" class=\"attachment-large size-large wp-image-500\" alt=\"\" srcset=\"https:\/\/www.moulinforville.com\/wordpress\/wp-content\/uploads\/2023\/12\/Ginou-e1702998375625.jpg 291w, https:\/\/www.moulinforville.com\/wordpress\/wp-content\/uploads\/2023\/12\/Ginou-e1702998375625-146x300.jpg 146w\" sizes=\"(max-width: 291px) 100vw, 291px\" style=\"width:100%;height:206.19%;max-width:291px\" \/>\t\t\t\t\t\t\t\t\t\t\t<figcaption class=\"widget-image-caption wp-caption-text\">Genevi\u00e8ve Mougins de Bustos, Secr\u00e9taire<\/figcaption>\n\t\t\t\t\t\t\t\t\t\t<\/figure>\n\t\t\t\t\t\t\t\t\t<\/div>\n\t\t\t\t<\/div>\n\t\t\t\t\t<\/div>\n\t\t\t\t<\/div>\n\t\t<div class=\"elementor-element elementor-element-afab4f8 e-flex e-con-boxed e-con e-parent\" data-id=\"afab4f8\" data-element_type=\"container\" data-e-type=\"container\">\n\t\t\t\t\t<div class=\"e-con-inner\">\n\t\t\t\t<div class=\"elementor-element elementor-element-545563e elementor-widget__width-initial elementor-widget elementor-widget-image\" data-id=\"545563e\" data-element_type=\"widget\" data-e-type=\"widget\" data-widget_type=\"image.default\">\n\t\t\t\t<div class=\"elementor-widget-container\">\n\t\t\t\t\t\t\t\t\t\t\t\t<figure class=\"wp-caption\">\n\t\t\t\t\t\t\t\t\t\t<img loading=\"lazy\" decoding=\"async\" width=\"312\" height=\"476\" src=\"https:\/\/www.moulinforville.com\/wordpress\/wp-content\/uploads\/2023\/12\/philippe-e1702998258849.jpg\" class=\"attachment-large size-large wp-image-498\" alt=\"\" srcset=\"https:\/\/www.moulinforville.com\/wordpress\/wp-content\/uploads\/2023\/12\/philippe-e1702998258849.jpg 312w, https:\/\/www.moulinforville.com\/wordpress\/wp-content\/uploads\/2023\/12\/philippe-e1702998258849-197x300.jpg 197w\" sizes=\"(max-width: 312px) 100vw, 312px\" style=\"width:100%;height:152.56%;max-width:312px\" \/>\t\t\t\t\t\t\t\t\t\t\t<figcaption class=\"widget-image-caption wp-caption-text\">Philippe Aubailly, Tr\u00e9sorier<\/figcaption>\n\t\t\t\t\t\t\t\t\t\t<\/figure>\n\t\t\t\t\t\t\t\t\t<\/div>\n\t\t\t\t<\/div>\n\t\t\t\t\t<\/div>\n\t\t\t\t<\/div>\n\t\t\t\t<\/div>\n\t\t","protected":false},"excerpt":{"rendered":"<p>Nous sommes une association loi 1901 cr\u00e9\u00e9e en 1993 Notre but est la r\u00e9alisation du Mus\u00e9e Victor Tuby, situ\u00e9 dans le Moulin Forville, 17 rue Forville \u00e0 Cannes. Pour le 30\u00e8me anniversaire de l&rsquo;association, nous avons rendu hommage aux fondateurs qui nous ont quitt\u00e9s : Madame Mauricette Roustan, Monsieur le B\u00e2tonnier Philippe Mougins, Ma\u00eetre Andr\u00e9-Charles&hellip; <a class=\"more-link\" href=\"https:\/\/www.moulinforville.com\/wordpress\/qui-sommes-nous\/\">Poursuivre la lecture <span class=\"screen-reader-text\">Qui sommes-nous ?<\/span><\/a><\/p>\n","protected":false},"author":1,"featured_media":0,"parent":0,"menu_order":0,"comment_status":"closed","ping_status":"closed","template":"","meta":{"footnotes":""},"class_list":["post-18","page","type-page","status-publish","hentry","entry"],"yoast_head":"<!-- This site is optimized with the Yoast SEO plugin v27.3 - https:\/\/yoast.com\/product\/yoast-seo-wordpress\/ -->\r\n<title>Qui sommes-nous ? - Moulin Forville - Mus\u00e9e Victor Tuby<\/title>\r\n<meta name=\"robots\" content=\"index, follow, max-snippet:-1, max-image-preview:large, max-video-preview:-1\" \/>\r\n<link rel=\"canonical\" href=\"https:\/\/www.moulinforville.com\/wordpress\/qui-sommes-nous\/\" \/>\r\n<meta property=\"og:locale\" content=\"fr_FR\" \/>\r\n<meta property=\"og:type\" content=\"article\" \/>\r\n<meta property=\"og:title\" content=\"Qui sommes-nous ? - Moulin Forville - Mus\u00e9e Victor Tuby\" \/>\r\n<meta property=\"og:description\" content=\"Nous sommes une association loi 1901 cr\u00e9\u00e9e en 1993 Notre but est la r\u00e9alisation du Mus\u00e9e Victor Tuby, situ\u00e9 dans le Moulin Forville, 17 rue Forville \u00e0 Cannes. Pour le 30\u00e8me anniversaire de l&rsquo;association, nous avons rendu hommage aux fondateurs qui nous ont quitt\u00e9s : Madame Mauricette Roustan, Monsieur le B\u00e2tonnier Philippe Mougins, Ma\u00eetre Andr\u00e9-Charles&hellip; Poursuivre la lecture Qui sommes-nous ?\" \/>\r\n<meta property=\"og:url\" content=\"https:\/\/www.moulinforville.com\/wordpress\/qui-sommes-nous\/\" \/>\r\n<meta property=\"og:site_name\" content=\"Moulin Forville - Mus\u00e9e Victor Tuby\" \/>\r\n<meta property=\"article:modified_time\" content=\"2023-12-19T15:41:41+00:00\" \/>\r\n<meta property=\"og:image\" content=\"https:\/\/www.moulinforville.com\/wordpress\/wp-content\/uploads\/2023\/12\/IMG_20230701_162531r-e1702994726441-1024x610.jpg\" \/>\r\n<meta name=\"twitter:card\" content=\"summary_large_image\" \/>\r\n<meta name=\"twitter:label1\" content=\"Dur\u00e9e de lecture estim\u00e9e\" \/>\n\t<meta name=\"twitter:data1\" content=\"2 minutes\" \/>\r\n<script type=\"application\/ld+json\" class=\"yoast-schema-graph\">{\"@context\":\"https:\\\/\\\/schema.org\",\"@graph\":[{\"@type\":\"WebPage\",\"@id\":\"https:\\\/\\\/www.moulinforville.com\\\/wordpress\\\/qui-sommes-nous\\\/\",\"url\":\"https:\\\/\\\/www.moulinforville.com\\\/wordpress\\\/qui-sommes-nous\\\/\",\"name\":\"Qui sommes-nous ? - Moulin Forville - Mus\u00e9e Victor Tuby\",\"isPartOf\":{\"@id\":\"https:\\\/\\\/www.moulinforville.com\\\/wordpress\\\/#website\"},\"primaryImageOfPage\":{\"@id\":\"https:\\\/\\\/www.moulinforville.com\\\/wordpress\\\/qui-sommes-nous\\\/#primaryimage\"},\"image\":{\"@id\":\"https:\\\/\\\/www.moulinforville.com\\\/wordpress\\\/qui-sommes-nous\\\/#primaryimage\"},\"thumbnailUrl\":\"https:\\\/\\\/www.moulinforville.com\\\/wordpress\\\/wp-content\\\/uploads\\\/2023\\\/12\\\/IMG_20230701_162531r-e1702994726441-1024x610.jpg\",\"datePublished\":\"2023-11-12T17:08:55+00:00\",\"dateModified\":\"2023-12-19T15:41:41+00:00\",\"breadcrumb\":{\"@id\":\"https:\\\/\\\/www.moulinforville.com\\\/wordpress\\\/qui-sommes-nous\\\/#breadcrumb\"},\"inLanguage\":\"fr-FR\",\"potentialAction\":[{\"@type\":\"ReadAction\",\"target\":[\"https:\\\/\\\/www.moulinforville.com\\\/wordpress\\\/qui-sommes-nous\\\/\"]}]},{\"@type\":\"ImageObject\",\"inLanguage\":\"fr-FR\",\"@id\":\"https:\\\/\\\/www.moulinforville.com\\\/wordpress\\\/qui-sommes-nous\\\/#primaryimage\",\"url\":\"https:\\\/\\\/www.moulinforville.com\\\/wordpress\\\/wp-content\\\/uploads\\\/2023\\\/12\\\/IMG_20230701_162531r-e1702994726441.jpg\",\"contentUrl\":\"https:\\\/\\\/www.moulinforville.com\\\/wordpress\\\/wp-content\\\/uploads\\\/2023\\\/12\\\/IMG_20230701_162531r-e1702994726441.jpg\",\"width\":1796,\"height\":1070,\"caption\":\"Les fondateurs ajourd'hui disparus\"},{\"@type\":\"BreadcrumbList\",\"@id\":\"https:\\\/\\\/www.moulinforville.com\\\/wordpress\\\/qui-sommes-nous\\\/#breadcrumb\",\"itemListElement\":[{\"@type\":\"ListItem\",\"position\":1,\"name\":\"Accueil\",\"item\":\"https:\\\/\\\/www.moulinforville.com\\\/wordpress\\\/\"},{\"@type\":\"ListItem\",\"position\":2,\"name\":\"Qui sommes-nous ?\"}]},{\"@type\":\"WebSite\",\"@id\":\"https:\\\/\\\/www.moulinforville.com\\\/wordpress\\\/#website\",\"url\":\"https:\\\/\\\/www.moulinforville.com\\\/wordpress\\\/\",\"name\":\"Moulin Forville - Mus\u00e9e Victor Tuby\",\"description\":\"\",\"publisher\":{\"@id\":\"https:\\\/\\\/www.moulinforville.com\\\/wordpress\\\/#organization\"},\"potentialAction\":[{\"@type\":\"SearchAction\",\"target\":{\"@type\":\"EntryPoint\",\"urlTemplate\":\"https:\\\/\\\/www.moulinforville.com\\\/wordpress\\\/?s={search_term_string}\"},\"query-input\":{\"@type\":\"PropertyValueSpecification\",\"valueRequired\":true,\"valueName\":\"search_term_string\"}}],\"inLanguage\":\"fr-FR\"},{\"@type\":\"Organization\",\"@id\":\"https:\\\/\\\/www.moulinforville.com\\\/wordpress\\\/#organization\",\"name\":\"Moulin Forville - Mus\u00e9e Victor Tuby\",\"url\":\"https:\\\/\\\/www.moulinforville.com\\\/wordpress\\\/\",\"logo\":{\"@type\":\"ImageObject\",\"inLanguage\":\"fr-FR\",\"@id\":\"https:\\\/\\\/www.moulinforville.com\\\/wordpress\\\/#\\\/schema\\\/logo\\\/image\\\/\",\"url\":\"https:\\\/\\\/www.moulinforville.com\\\/wordpress\\\/wp-content\\\/uploads\\\/2023\\\/11\\\/logo-moulin-r-e1700156841480.jpg\",\"contentUrl\":\"https:\\\/\\\/www.moulinforville.com\\\/wordpress\\\/wp-content\\\/uploads\\\/2023\\\/11\\\/logo-moulin-r-e1700156841480.jpg\",\"width\":740,\"height\":691,\"caption\":\"Moulin Forville - Mus\u00e9e Victor Tuby\"},\"image\":{\"@id\":\"https:\\\/\\\/www.moulinforville.com\\\/wordpress\\\/#\\\/schema\\\/logo\\\/image\\\/\"}}]}<\/script>\r\n<!-- \/ Yoast SEO plugin. -->","yoast_head_json":{"title":"Qui sommes-nous ? - Moulin Forville - Mus\u00e9e Victor Tuby","robots":{"index":"index","follow":"follow","max-snippet":"max-snippet:-1","max-image-preview":"max-image-preview:large","max-video-preview":"max-video-preview:-1"},"canonical":"https:\/\/www.moulinforville.com\/wordpress\/qui-sommes-nous\/","og_locale":"fr_FR","og_type":"article","og_title":"Qui sommes-nous ? - Moulin Forville - Mus\u00e9e Victor Tuby","og_description":"Nous sommes une association loi 1901 cr\u00e9\u00e9e en 1993 Notre but est la r\u00e9alisation du Mus\u00e9e Victor Tuby, situ\u00e9 dans le Moulin Forville, 17 rue Forville \u00e0 Cannes. Pour le 30\u00e8me anniversaire de l&rsquo;association, nous avons rendu hommage aux fondateurs qui nous ont quitt\u00e9s : Madame Mauricette Roustan, Monsieur le B\u00e2tonnier Philippe Mougins, Ma\u00eetre Andr\u00e9-Charles&hellip; Poursuivre la lecture Qui sommes-nous ?","og_url":"https:\/\/www.moulinforville.com\/wordpress\/qui-sommes-nous\/","og_site_name":"Moulin Forville - Mus\u00e9e Victor Tuby","article_modified_time":"2023-12-19T15:41:41+00:00","og_image":[{"url":"https:\/\/www.moulinforville.com\/wordpress\/wp-content\/uploads\/2023\/12\/IMG_20230701_162531r-e1702994726441-1024x610.jpg","type":"","width":"","height":""}],"twitter_card":"summary_large_image","twitter_misc":{"Dur\u00e9e de lecture estim\u00e9e":"2 minutes"},"schema":{"@context":"https:\/\/schema.org","@graph":[{"@type":"WebPage","@id":"https:\/\/www.moulinforville.com\/wordpress\/qui-sommes-nous\/","url":"https:\/\/www.moulinforville.com\/wordpress\/qui-sommes-nous\/","name":"Qui sommes-nous ? - Moulin Forville - Mus\u00e9e Victor Tuby","isPartOf":{"@id":"https:\/\/www.moulinforville.com\/wordpress\/#website"},"primaryImageOfPage":{"@id":"https:\/\/www.moulinforville.com\/wordpress\/qui-sommes-nous\/#primaryimage"},"image":{"@id":"https:\/\/www.moulinforville.com\/wordpress\/qui-sommes-nous\/#primaryimage"},"thumbnailUrl":"https:\/\/www.moulinforville.com\/wordpress\/wp-content\/uploads\/2023\/12\/IMG_20230701_162531r-e1702994726441-1024x610.jpg","datePublished":"2023-11-12T17:08:55+00:00","dateModified":"2023-12-19T15:41:41+00:00","breadcrumb":{"@id":"https:\/\/www.moulinforville.com\/wordpress\/qui-sommes-nous\/#breadcrumb"},"inLanguage":"fr-FR","potentialAction":[{"@type":"ReadAction","target":["https:\/\/www.moulinforville.com\/wordpress\/qui-sommes-nous\/"]}]},{"@type":"ImageObject","inLanguage":"fr-FR","@id":"https:\/\/www.moulinforville.com\/wordpress\/qui-sommes-nous\/#primaryimage","url":"https:\/\/www.moulinforville.com\/wordpress\/wp-content\/uploads\/2023\/12\/IMG_20230701_162531r-e1702994726441.jpg","contentUrl":"https:\/\/www.moulinforville.com\/wordpress\/wp-content\/uploads\/2023\/12\/IMG_20230701_162531r-e1702994726441.jpg","width":1796,"height":1070,"caption":"Les fondateurs ajourd'hui disparus"},{"@type":"BreadcrumbList","@id":"https:\/\/www.moulinforville.com\/wordpress\/qui-sommes-nous\/#breadcrumb","itemListElement":[{"@type":"ListItem","position":1,"name":"Accueil","item":"https:\/\/www.moulinforville.com\/wordpress\/"},{"@type":"ListItem","position":2,"name":"Qui sommes-nous ?"}]},{"@type":"WebSite","@id":"https:\/\/www.moulinforville.com\/wordpress\/#website","url":"https:\/\/www.moulinforville.com\/wordpress\/","name":"Moulin Forville - Mus\u00e9e Victor Tuby","description":"","publisher":{"@id":"https:\/\/www.moulinforville.com\/wordpress\/#organization"},"potentialAction":[{"@type":"SearchAction","target":{"@type":"EntryPoint","urlTemplate":"https:\/\/www.moulinforville.com\/wordpress\/?s={search_term_string}"},"query-input":{"@type":"PropertyValueSpecification","valueRequired":true,"valueName":"search_term_string"}}],"inLanguage":"fr-FR"},{"@type":"Organization","@id":"https:\/\/www.moulinforville.com\/wordpress\/#organization","name":"Moulin Forville - Mus\u00e9e Victor Tuby","url":"https:\/\/www.moulinforville.com\/wordpress\/","logo":{"@type":"ImageObject","inLanguage":"fr-FR","@id":"https:\/\/www.moulinforville.com\/wordpress\/#\/schema\/logo\/image\/","url":"https:\/\/www.moulinforville.com\/wordpress\/wp-content\/uploads\/2023\/11\/logo-moulin-r-e1700156841480.jpg","contentUrl":"https:\/\/www.moulinforville.com\/wordpress\/wp-content\/uploads\/2023\/11\/logo-moulin-r-e1700156841480.jpg","width":740,"height":691,"caption":"Moulin Forville - Mus\u00e9e Victor Tuby"},"image":{"@id":"https:\/\/www.moulinforville.com\/wordpress\/#\/schema\/logo\/image\/"}}]}},"_links":{"self":[{"href":"https:\/\/www.moulinforville.com\/wordpress\/wp-json\/wp\/v2\/pages\/18","targetHints":{"allow":["GET"]}}],"collection":[{"href":"https:\/\/www.moulinforville.com\/wordpress\/wp-json\/wp\/v2\/pages"}],"about":[{"href":"https:\/\/www.moulinforville.com\/wordpress\/wp-json\/wp\/v2\/types\/page"}],"author":[{"embeddable":true,"href":"https:\/\/www.moulinforville.com\/wordpress\/wp-json\/wp\/v2\/users\/1"}],"replies":[{"embeddable":true,"href":"https:\/\/www.moulinforville.com\/wordpress\/wp-json\/wp\/v2\/comments?post=18"}],"version-history":[{"count":21,"href":"https:\/\/www.moulinforville.com\/wordpress\/wp-json\/wp\/v2\/pages\/18\/revisions"}],"predecessor-version":[{"id":520,"href":"https:\/\/www.moulinforville.com\/wordpress\/wp-json\/wp\/v2\/pages\/18\/revisions\/520"}],"wp:attachment":[{"href":"https:\/\/www.moulinforville.com\/wordpress\/wp-json\/wp\/v2\/media?parent=18"}],"curies":[{"name":"wp","href":"https:\/\/api.w.org\/{rel}","templated":true}]}}