{"id":182,"date":"2023-11-16T21:29:13","date_gmt":"2023-11-16T20:29:13","guid":{"rendered":"https:\/\/www.moulinforville.com\/wordpress\/?page_id=182"},"modified":"2023-11-20T10:43:36","modified_gmt":"2023-11-20T09:43:36","slug":"presentation-de-victor-tuby","status":"publish","type":"page","link":"https:\/\/www.moulinforville.com\/wordpress\/presentation-de-victor-tuby\/","title":{"rendered":"Pr\u00e9sentation de Victor Tuby"},"content":{"rendered":"\t\t<div data-elementor-type=\"wp-page\" data-elementor-id=\"182\" class=\"elementor elementor-182\">\n\t\t\t\t<div class=\"elementor-element elementor-element-d23962a e-flex e-con-boxed e-con e-parent\" data-id=\"d23962a\" data-element_type=\"container\" data-e-type=\"container\">\n\t\t\t\t\t<div class=\"e-con-inner\">\n\t\t\t\t<div class=\"elementor-element elementor-element-a3ae9f1 elementor-widget elementor-widget-text-editor\" data-id=\"a3ae9f1\" data-element_type=\"widget\" data-e-type=\"widget\" data-widget_type=\"text-editor.default\">\n\t\t\t\t<div class=\"elementor-widget-container\">\n\t\t\t\t\t\t\t\t\t<p><strong><u>Chapitre 1- L\u2019aura de Tuby<\/u><\/strong><\/p><p><img fetchpriority=\"high\" decoding=\"async\" class=\"alignnone size-medium wp-image-457 alignleft\" src=\"https:\/\/www.moulinforville.com\/wordpress\/wp-content\/uploads\/2023\/11\/Tuby2-218x300.jpg\" alt=\"\" width=\"218\" height=\"300\" srcset=\"https:\/\/www.moulinforville.com\/wordpress\/wp-content\/uploads\/2023\/11\/Tuby2-218x300.jpg 218w, https:\/\/www.moulinforville.com\/wordpress\/wp-content\/uploads\/2023\/11\/Tuby2-743x1024.jpg 743w, https:\/\/www.moulinforville.com\/wordpress\/wp-content\/uploads\/2023\/11\/Tuby2-768x1058.jpg 768w, https:\/\/www.moulinforville.com\/wordpress\/wp-content\/uploads\/2023\/11\/Tuby2-1115x1536.jpg 1115w, https:\/\/www.moulinforville.com\/wordpress\/wp-content\/uploads\/2023\/11\/Tuby2-1487x2048.jpg 1487w, https:\/\/www.moulinforville.com\/wordpress\/wp-content\/uploads\/2023\/11\/Tuby2-1568x2160.jpg 1568w, https:\/\/www.moulinforville.com\/wordpress\/wp-content\/uploads\/2023\/11\/Tuby2-scaled.jpg 1859w\" sizes=\"(max-width: 218px) 100vw, 218px\" \/><\/p><p>A sa mort, le 31 d\u00e9cembre 1945, Victor Tuby est consid\u00e9r\u00e9 comme le chantre de la Provence. En quelques vingt-cinq ans, il a produit une \u0153uvre mat\u00e9rielle et immat\u00e9rielle inscrite dans le mouvement de la Renaissance de la culture proven\u00e7ale. Il se veut disciple de Fr\u00e9d\u00e9ric Mistral, fonde l\u2019Acad\u00e9mie Proven\u00e7ale en 1919 puis fixe et codifie le folklore proven\u00e7al tel que nous le connaissons.<\/p><p>Il est aussi un des organisateurs de la vie festive et mondaine de Cannes, quand la ville est renomm\u00e9e pour son \u00e9l\u00e9gance et la qualit\u00e9 de ses manifestations. <em>Cannes, la Ville des Fleurs et des Sports \u00c9l\u00e9gants.<\/em><\/p><p>Le rayonnement de Victor Tuby, m\u00eame s&rsquo;il s&rsquo;ancre dans le territoire d\u00e9fini de Cannes et du r\u00e9gionalisme, en d\u00e9passe le cadre \u00e9troit et influence notablement les repr\u00e9sentations arch\u00e9typales de la Provence. Il rayonne \u00e0 Paris, \u00e0 Londres et en Europe (Monaco, Lausanne\u2026)<\/p><p><strong><u>Le Moulin Forville<\/u><\/strong><\/p><p><img decoding=\"async\" class=\"alignnone size-medium wp-image-461 alignleft\" src=\"https:\/\/www.moulinforville.com\/wordpress\/wp-content\/uploads\/2023\/11\/Moulin-Forville-pressoirs-300x169.jpg\" alt=\"\" width=\"300\" height=\"169\" srcset=\"https:\/\/www.moulinforville.com\/wordpress\/wp-content\/uploads\/2023\/11\/Moulin-Forville-pressoirs-300x169.jpg 300w, https:\/\/www.moulinforville.com\/wordpress\/wp-content\/uploads\/2023\/11\/Moulin-Forville-pressoirs-1024x577.jpg 1024w, https:\/\/www.moulinforville.com\/wordpress\/wp-content\/uploads\/2023\/11\/Moulin-Forville-pressoirs-768x433.jpg 768w, https:\/\/www.moulinforville.com\/wordpress\/wp-content\/uploads\/2023\/11\/Moulin-Forville-pressoirs-1536x866.jpg 1536w, https:\/\/www.moulinforville.com\/wordpress\/wp-content\/uploads\/2023\/11\/Moulin-Forville-pressoirs-2048x1155.jpg 2048w, https:\/\/www.moulinforville.com\/wordpress\/wp-content\/uploads\/2023\/11\/Moulin-Forville-pressoirs-1568x884.jpg 1568w\" sizes=\"(max-width: 300px) 100vw, 300px\" \/><\/p><p>Cet ancien moulin \u00e0 huile, propri\u00e9t\u00e9 de Victor Tuby, devient d\u00e8s les ann\u00e9es 1920 un centre culturel proven\u00e7al.<\/p><p>Dans cet ensemble de b\u00e2timents insolite et de caract\u00e8re, Tuby constitue un v\u00e9ritable mus\u00e9e priv\u00e9 dans lequel il expose les collections ethnographiques qu&rsquo;il acquiert.<\/p><p>Tuby imagine et restructure le lieu et fait de chaque pi\u00e8ce un d\u00e9cor o\u00f9 il va donner vie \u00e0 sa vision de r\u00e9gionaliste.<\/p><p>Coiffes, costumes, outils agricoles, instruments de musique, mobilier etc : tout un patrimoine est sauvegard\u00e9 et mis en sc\u00e8ne.<\/p><p>Le Moulin Forville qui est en tant que tel une cr\u00e9ation de Victor Tuby au service de la Provence, devient son lieu de cr\u00e9ation privil\u00e9gi\u00e9, il y installe son atelier de statuaire et y expose ses \u0153uvres.<\/p><p>En plus d&rsquo;\u00eatre le si\u00e8ge social de l&rsquo;Acad\u00e9mie Proven\u00e7ale et le lieu de ses r\u00e9p\u00e9tions hebdomadaires, Tuby cr\u00e9\u00e9 au Moulin une \u00e9cole de tambourinaires, y accueille l&rsquo;Estello de L\u00e9rin d\u00e8s sa fondation en 1930 (il en est le directeur artistique).<\/p><p>Avec le concours de l&rsquo;Acad\u00e9mie Proven\u00e7ale et de son \u00e9pouse, il y r\u00e9alise des sc\u00e9nettes de vie quotidienne en costumes traditionnels. Ces sc\u00e9nettes sont photographi\u00e9es, reproduites en cartes postales et servent d&rsquo;illustrations de la Provence traditionnelle dans la presse de l&rsquo;\u00e9poque.<\/p><p><strong><u>Chapitre 2 \u2013 Tuby militaire<\/u><\/strong><\/p><p><img decoding=\"async\" class=\"alignnone size-medium wp-image-473 alignleft\" src=\"https:\/\/www.moulinforville.com\/wordpress\/wp-content\/uploads\/2023\/11\/Tuby-militaire-14-18-e1700473332560-192x300.jpg\" alt=\"\" width=\"192\" height=\"300\" srcset=\"https:\/\/www.moulinforville.com\/wordpress\/wp-content\/uploads\/2023\/11\/Tuby-militaire-14-18-e1700473332560-192x300.jpg 192w, https:\/\/www.moulinforville.com\/wordpress\/wp-content\/uploads\/2023\/11\/Tuby-militaire-14-18-e1700473332560.jpg 622w\" sizes=\"(max-width: 192px) 100vw, 192px\" \/><\/p><p>Victor Tuby est incorpor\u00e9, \u00e0 partir du 8 octobre 1909, en tant que soldat de 2<sup>\u00e8me<\/sup> classe, \u00e0 Aix en Provence.<\/p><p>Il obtient le Brevet sp\u00e9cial d\u2019aptitude militaire le 19 octobre 1909 et est nomm\u00e9 caporal le 19 f\u00e9vrier 1910.<\/p><p>Le 1<sup>er<\/sup> octobre 1910, il est \u00e9l\u00e8ve officier de r\u00e9serve.<\/p><p>Le 25 mars 1911, il est promu sous-lieutenant de r\u00e9serve, par d\u00e9cret pr\u00e9sidentiel et d\u00e9cision minist\u00e9rielle, et est affect\u00e9 au 111<sup>\u00e8me<\/sup> R\u00e9giment d\u2019Infanterie.<\/p><p>Il est envoy\u00e9 dans la disponibilit\u00e9 le 23 septembre 1911, avec comme commentaire sur sa fiche d\u2019affectation\u00a0: \u00ab\u00a0Bon service arm\u00e9\u00a0\u00bb.<\/p><p><strong><u>PREMIERE GUERRE MONDIALE<\/u><\/strong><\/p><p>La mobilisation g\u00e9n\u00e9rale est ordonn\u00e9e le 2 ao\u00fbt 1914, Tuby arrive au corps du 112<sup>\u00e8me<\/sup> R\u00e9giment d\u2019Infanterie (casernement Toulon et Hy\u00e8res) o\u00f9 il est affect\u00e9 le 3 ao\u00fbt 1914.<\/p><p>Par d\u00e9cret du 31 mars 1915, il est nomm\u00e9 lieutenant de r\u00e9serve, puis capitaine de r\u00e9serve \u00e0 titre temporaire le 17 juillet 1915.<\/p><p>Cette nomination est rendu d\u00e9finitive en juillet 1917.<\/p><p>Il est lib\u00e9r\u00e9 en mars 1918 et se retire \u00e0 Cannes.<\/p><p>Si le d\u00e9tail de ses blessures n\u2019est pas connu, on peut lire sur sa fiche d\u2019affectation ( qui pr\u00e9sente les comptes rendus de ses visites m\u00e9dicales) qu\u2019il souffre d\u2019une scl\u00e9rose pleuro \u2013 pulmonaire des sommets.<\/p><p>Il est d\u00e9finitivement r\u00e9form\u00e9 et ray\u00e9 des cadres le 17 mai 1923.<\/p><p><strong><u>Citations et D\u00e9corations<\/u><\/strong><\/p><p>Sa fiche d\u2019affectation le d\u00e9crit comme montrant \u00ab\u00a0toujours le m\u00eame entrain et beaucoup de d\u00e9vouement comme chef de section, puis comme commandant de compagnie\u00a0\u00bb.<\/p><p>Il est cit\u00e9 \u00e0 l\u2019ordre du r\u00e9giment n\u00b0101 du 25 mai 1915.<\/p><p>Il re\u00e7oit la Croix de Guerre. Etoile bronze.<\/p><p><strong><u>Ses d\u00e9corations\u00a0: <\/u><\/strong><\/p><p>-L\u00e9gion d\u2019Honneur (\u00e0 titre civil) en 1934<\/p><p>-Croix de guerre 14-18<\/p><p>-M\u00e9daille de Verdun<\/p><p>-M\u00e9daille Comm\u00e9morative de la guerre 14-18<\/p><p>-Insigne des Bless\u00e9s<\/p><p>-Honneur du Service de Sant\u00e9 (Pr\u00e9sum\u00e9)<\/p><p>-Honneur et \u00e9pid\u00e9mies dans l\u2019Arm\u00e9e<\/p><p>-Nicham Iftikar, Tunisie (officier)<\/p><p>-Croix du combattant<\/p><p><strong><u>Chapitre 3 \u2013 L\u2019Acad\u00e9mie Proven\u00e7ale<\/u><\/strong><\/p><p>L&rsquo;Acad\u00e9mie Proven\u00e7ale de Cannes est cr\u00e9\u00e9e par Victor Tuby en 1919.<br \/>Elle va ensuite s\u2019\u00e9tendre \u00e0 plusieurs villes, par exemple la section d\u2019Avignon dirig\u00e9e par le tambourinaire et musicologue Jean-No\u00ebl Clamon cousin de Fr\u00e9d\u00e9ric Mistral.<\/p><p>Au fil des ans, le groupe s&rsquo;enorgueillit de 3 000 membres.<br \/>Son enseignement se porte sur les danses, la musique, le chant, le costume, la langue et les traditions de la Provence. Il t\u00e9moigne de la volont\u00e9 d&rsquo;un travail de m\u00e9moire et de garder vivant l&rsquo;esprit d&rsquo;une nation proven\u00e7ale.<\/p><p>Camille Flammarion en est le pr\u00e9sident d&rsquo;honneur<\/p><p>L&rsquo;Acad\u00e9mie Proven\u00e7ale devient vite incontournable dans les f\u00eates et c\u00e9l\u00e9brations proven\u00e7ales qui font flores sur trois d\u00e9cennies.<\/p><p><strong><u>Chapitre 4 \u2013 Tuby artiste<\/u><\/strong><\/p><p><img loading=\"lazy\" decoding=\"async\" class=\"size-medium wp-image-343 alignleft\" src=\"https:\/\/www.moulinforville.com\/wordpress\/wp-content\/uploads\/2023\/11\/tuby-assis-r-e1700331991785-240x300.jpg\" alt=\"\" width=\"240\" height=\"300\" srcset=\"https:\/\/www.moulinforville.com\/wordpress\/wp-content\/uploads\/2023\/11\/tuby-assis-r-e1700331991785-240x300.jpg 240w, https:\/\/www.moulinforville.com\/wordpress\/wp-content\/uploads\/2023\/11\/tuby-assis-r-e1700331991785.jpg 763w\" sizes=\"(max-width: 240px) 100vw, 240px\" \/><\/p><p>Victor Tuby \u00e9tudie \u00e0 Paris aux Beaux-Arts o\u00f9 il est l&rsquo;\u00e9l\u00e8ve d&rsquo;Antonin Injalbert.<\/p><p>Il r\u00e9alise plusieurs monuments aux morts apr\u00e8s la premi\u00e8re guerre mondiale pour six villes de la<\/p><p>r\u00e9gion : Cannes La Bocca, Saint Raphael, Allos, Le Cannet, Sainte Maxime et le monument du Souvenir Fran\u00e7ais au cimeti\u00e8re du Grand Jas \u00e0 Cannes (Carr\u00e9 de la Marne).<\/p><p>Il r\u00e9alise aussi le monument du G\u00e9n\u00e9ral Allard \u00e0 Saint Tropez, un m\u00e9daillon de Mistral aux Baux de Provence, Avignon, au Cannet et bien s\u00fbr le monument \u00e0 la gloire de Mistral inaugur\u00e9 lors des F\u00eates Latines d\u2019avril 1930.<\/p><p>Qu&rsquo;elles soient civiles ou m\u00e9morielles, il appara\u00eet que Tuby ait fait don de ses \u0153uvres, ne leur faisant payer que le co\u00fbt mat\u00e9riel de leur r\u00e9alisation.<\/p><p>Il peint aussi \u00e9norm\u00e9ment de tableaux.<\/p><p>De plus, Tuby \u00e9crit une pastorale en cinq actes en proven\u00e7al et en fran\u00e7ais. Patronn\u00e9e par Mgr Guilibert \u00e9v\u00eaque de Fr\u00e9jus-Toulon, MM Messager, Reynaldo Hahn, Antonin Injalbert et Camille Flammarion, la pastorale est jou\u00e9e \u00e0 Cannes et Antibes en 1922 avec un grand succ\u00e8s. Elle est reprise en 1935 au Casino Municipal.<\/p><p><strong><u>Chapitre 5 -Tuby biologiste<\/u><\/strong><\/p><p>En 1924 Tuby reprend des \u00e9tudes de biologie \u00e0 la facult\u00e9 de Marseille.<\/p><p>Il se passionne pour la chimie gal\u00e9nique, et fonde avec le docteur Pierre Lachaise le \u00ab\u00a0Laboratoire d\u2019Etudes Biologiques et Physiologiques\u00a0\u00bb au Moulin Forville.<\/p><p>Tuby met au point des m\u00e9dicaments comme \u00ab\u00a0 l\u2019Agazol\u00a0\u00bb qui neutralise les Gaz de guerre,<\/p><p>\u00ab\u00a0le Gaziplasme\u00a0\u00bb,\u00a0 \u00ab\u00a0le Sp\u00e9cific Aphtal\u00a0\u00bb, Le Tubyrhinol etc\u2026<\/p><p>Il met son savoir \u00e0 la disposition de la population Cannoise et re\u00e7oit une multitude de lettres de remerciements pour ses bons soins.<\/p><p><img loading=\"lazy\" decoding=\"async\" class=\"alignnone size-medium wp-image-359 aligncenter\" src=\"https:\/\/www.moulinforville.com\/wordpress\/wp-content\/uploads\/2023\/11\/Biologie-e1700405126927-300x232.jpg\" alt=\"\" width=\"300\" height=\"232\" srcset=\"https:\/\/www.moulinforville.com\/wordpress\/wp-content\/uploads\/2023\/11\/Biologie-e1700405126927-300x232.jpg 300w, https:\/\/www.moulinforville.com\/wordpress\/wp-content\/uploads\/2023\/11\/Biologie-e1700405126927-1024x792.jpg 1024w, https:\/\/www.moulinforville.com\/wordpress\/wp-content\/uploads\/2023\/11\/Biologie-e1700405126927-768x594.jpg 768w, https:\/\/www.moulinforville.com\/wordpress\/wp-content\/uploads\/2023\/11\/Biologie-e1700405126927-1536x1188.jpg 1536w, https:\/\/www.moulinforville.com\/wordpress\/wp-content\/uploads\/2023\/11\/Biologie-e1700405126927-1568x1213.jpg 1568w, https:\/\/www.moulinforville.com\/wordpress\/wp-content\/uploads\/2023\/11\/Biologie-e1700405126927.jpg 1631w\" sizes=\"(max-width: 300px) 100vw, 300px\" \/><\/p><p>\u00a0<\/p><p><img loading=\"lazy\" decoding=\"async\" class=\"alignnone size-medium wp-image-466 aligncenter\" src=\"https:\/\/www.moulinforville.com\/wordpress\/wp-content\/uploads\/2023\/11\/100_0002-300x169.jpg\" alt=\"\" width=\"300\" height=\"169\" srcset=\"https:\/\/www.moulinforville.com\/wordpress\/wp-content\/uploads\/2023\/11\/100_0002-300x169.jpg 300w, https:\/\/www.moulinforville.com\/wordpress\/wp-content\/uploads\/2023\/11\/100_0002-1024x576.jpg 1024w, https:\/\/www.moulinforville.com\/wordpress\/wp-content\/uploads\/2023\/11\/100_0002-768x432.jpg 768w, https:\/\/www.moulinforville.com\/wordpress\/wp-content\/uploads\/2023\/11\/100_0002-1536x864.jpg 1536w, https:\/\/www.moulinforville.com\/wordpress\/wp-content\/uploads\/2023\/11\/100_0002-2048x1152.jpg 2048w, https:\/\/www.moulinforville.com\/wordpress\/wp-content\/uploads\/2023\/11\/100_0002-1568x882.jpg 1568w\" sizes=\"(max-width: 300px) 100vw, 300px\" \/><\/p>\t\t\t\t\t\t\t\t<\/div>\n\t\t\t\t<\/div>\n\t\t<div class=\"elementor-element elementor-element-22fd983 e-con-full e-flex e-con e-child\" data-id=\"22fd983\" data-element_type=\"container\" data-e-type=\"container\">\n\t\t\t\t<\/div>\n\t\t\t\t\t<\/div>\n\t\t\t\t<\/div>\n\t\t\t\t<\/div>\n\t\t","protected":false},"excerpt":{"rendered":"<p>Chapitre 1- L\u2019aura de Tuby A sa mort, le 31 d\u00e9cembre 1945, Victor Tuby est consid\u00e9r\u00e9 comme le chantre de la Provence. En quelques vingt-cinq ans, il a produit une \u0153uvre mat\u00e9rielle et immat\u00e9rielle inscrite dans le mouvement de la Renaissance de la culture proven\u00e7ale. Il se veut disciple de Fr\u00e9d\u00e9ric Mistral, fonde l\u2019Acad\u00e9mie Proven\u00e7ale&hellip; <a class=\"more-link\" href=\"https:\/\/www.moulinforville.com\/wordpress\/presentation-de-victor-tuby\/\">Poursuivre la lecture <span class=\"screen-reader-text\">Pr\u00e9sentation de Victor Tuby<\/span><\/a><\/p>\n","protected":false},"author":1,"featured_media":0,"parent":0,"menu_order":0,"comment_status":"closed","ping_status":"closed","template":"","meta":{"footnotes":""},"class_list":["post-182","page","type-page","status-publish","hentry","entry"],"yoast_head":"<!-- This site is optimized with the Yoast SEO plugin v27.5 - https:\/\/yoast.com\/product\/yoast-seo-wordpress\/ -->\r\n<title>Pr\u00e9sentation de Victor Tuby - Moulin Forville - Mus\u00e9e Victor Tuby<\/title>\r\n<meta name=\"robots\" content=\"index, follow, max-snippet:-1, max-image-preview:large, max-video-preview:-1\" \/>\r\n<link rel=\"canonical\" href=\"https:\/\/www.moulinforville.com\/wordpress\/presentation-de-victor-tuby\/\" \/>\r\n<meta property=\"og:locale\" content=\"fr_FR\" \/>\r\n<meta property=\"og:type\" content=\"article\" \/>\r\n<meta property=\"og:title\" content=\"Pr\u00e9sentation de Victor Tuby - Moulin Forville - Mus\u00e9e Victor Tuby\" \/>\r\n<meta property=\"og:description\" content=\"Chapitre 1- L\u2019aura de Tuby A sa mort, le 31 d\u00e9cembre 1945, Victor Tuby est consid\u00e9r\u00e9 comme le chantre de la Provence. En quelques vingt-cinq ans, il a produit une \u0153uvre mat\u00e9rielle et immat\u00e9rielle inscrite dans le mouvement de la Renaissance de la culture proven\u00e7ale. Il se veut disciple de Fr\u00e9d\u00e9ric Mistral, fonde l\u2019Acad\u00e9mie Proven\u00e7ale&hellip; Poursuivre la lecture Pr\u00e9sentation de Victor Tuby\" \/>\r\n<meta property=\"og:url\" content=\"https:\/\/www.moulinforville.com\/wordpress\/presentation-de-victor-tuby\/\" \/>\r\n<meta property=\"og:site_name\" content=\"Moulin Forville - Mus\u00e9e Victor Tuby\" \/>\r\n<meta property=\"article:modified_time\" content=\"2023-11-20T09:43:36+00:00\" \/>\r\n<meta property=\"og:image\" content=\"https:\/\/www.moulinforville.com\/wordpress\/wp-content\/uploads\/2023\/11\/Tuby2-218x300.jpg\" \/>\r\n<meta name=\"twitter:card\" content=\"summary_large_image\" \/>\r\n<meta name=\"twitter:label1\" content=\"Dur\u00e9e de lecture estim\u00e9e\" \/>\n\t<meta name=\"twitter:data1\" content=\"7 minutes\" \/>\r\n<script type=\"application\/ld+json\" class=\"yoast-schema-graph\">{\"@context\":\"https:\\\/\\\/schema.org\",\"@graph\":[{\"@type\":\"WebPage\",\"@id\":\"https:\\\/\\\/www.moulinforville.com\\\/wordpress\\\/presentation-de-victor-tuby\\\/\",\"url\":\"https:\\\/\\\/www.moulinforville.com\\\/wordpress\\\/presentation-de-victor-tuby\\\/\",\"name\":\"Pr\u00e9sentation de Victor Tuby - Moulin Forville - Mus\u00e9e Victor Tuby\",\"isPartOf\":{\"@id\":\"https:\\\/\\\/www.moulinforville.com\\\/wordpress\\\/#website\"},\"primaryImageOfPage\":{\"@id\":\"https:\\\/\\\/www.moulinforville.com\\\/wordpress\\\/presentation-de-victor-tuby\\\/#primaryimage\"},\"image\":{\"@id\":\"https:\\\/\\\/www.moulinforville.com\\\/wordpress\\\/presentation-de-victor-tuby\\\/#primaryimage\"},\"thumbnailUrl\":\"https:\\\/\\\/www.moulinforville.com\\\/wordpress\\\/wp-content\\\/uploads\\\/2023\\\/11\\\/Tuby2-218x300.jpg\",\"datePublished\":\"2023-11-16T20:29:13+00:00\",\"dateModified\":\"2023-11-20T09:43:36+00:00\",\"breadcrumb\":{\"@id\":\"https:\\\/\\\/www.moulinforville.com\\\/wordpress\\\/presentation-de-victor-tuby\\\/#breadcrumb\"},\"inLanguage\":\"fr-FR\",\"potentialAction\":[{\"@type\":\"ReadAction\",\"target\":[\"https:\\\/\\\/www.moulinforville.com\\\/wordpress\\\/presentation-de-victor-tuby\\\/\"]}]},{\"@type\":\"ImageObject\",\"inLanguage\":\"fr-FR\",\"@id\":\"https:\\\/\\\/www.moulinforville.com\\\/wordpress\\\/presentation-de-victor-tuby\\\/#primaryimage\",\"url\":\"https:\\\/\\\/www.moulinforville.com\\\/wordpress\\\/wp-content\\\/uploads\\\/2023\\\/11\\\/Tuby2-scaled.jpg\",\"contentUrl\":\"https:\\\/\\\/www.moulinforville.com\\\/wordpress\\\/wp-content\\\/uploads\\\/2023\\\/11\\\/Tuby2-scaled.jpg\",\"width\":1859,\"height\":2560},{\"@type\":\"BreadcrumbList\",\"@id\":\"https:\\\/\\\/www.moulinforville.com\\\/wordpress\\\/presentation-de-victor-tuby\\\/#breadcrumb\",\"itemListElement\":[{\"@type\":\"ListItem\",\"position\":1,\"name\":\"Accueil\",\"item\":\"https:\\\/\\\/www.moulinforville.com\\\/wordpress\\\/\"},{\"@type\":\"ListItem\",\"position\":2,\"name\":\"Pr\u00e9sentation de Victor Tuby\"}]},{\"@type\":\"WebSite\",\"@id\":\"https:\\\/\\\/www.moulinforville.com\\\/wordpress\\\/#website\",\"url\":\"https:\\\/\\\/www.moulinforville.com\\\/wordpress\\\/\",\"name\":\"Moulin Forville - Mus\u00e9e Victor Tuby\",\"description\":\"\",\"publisher\":{\"@id\":\"https:\\\/\\\/www.moulinforville.com\\\/wordpress\\\/#organization\"},\"potentialAction\":[{\"@type\":\"SearchAction\",\"target\":{\"@type\":\"EntryPoint\",\"urlTemplate\":\"https:\\\/\\\/www.moulinforville.com\\\/wordpress\\\/?s={search_term_string}\"},\"query-input\":{\"@type\":\"PropertyValueSpecification\",\"valueRequired\":true,\"valueName\":\"search_term_string\"}}],\"inLanguage\":\"fr-FR\"},{\"@type\":\"Organization\",\"@id\":\"https:\\\/\\\/www.moulinforville.com\\\/wordpress\\\/#organization\",\"name\":\"Moulin Forville - Mus\u00e9e Victor Tuby\",\"url\":\"https:\\\/\\\/www.moulinforville.com\\\/wordpress\\\/\",\"logo\":{\"@type\":\"ImageObject\",\"inLanguage\":\"fr-FR\",\"@id\":\"https:\\\/\\\/www.moulinforville.com\\\/wordpress\\\/#\\\/schema\\\/logo\\\/image\\\/\",\"url\":\"https:\\\/\\\/www.moulinforville.com\\\/wordpress\\\/wp-content\\\/uploads\\\/2023\\\/11\\\/logo-moulin-r-e1700156841480.jpg\",\"contentUrl\":\"https:\\\/\\\/www.moulinforville.com\\\/wordpress\\\/wp-content\\\/uploads\\\/2023\\\/11\\\/logo-moulin-r-e1700156841480.jpg\",\"width\":740,\"height\":691,\"caption\":\"Moulin Forville - Mus\u00e9e Victor Tuby\"},\"image\":{\"@id\":\"https:\\\/\\\/www.moulinforville.com\\\/wordpress\\\/#\\\/schema\\\/logo\\\/image\\\/\"}}]}<\/script>\r\n<!-- \/ Yoast SEO plugin. -->","yoast_head_json":{"title":"Pr\u00e9sentation de Victor Tuby - Moulin Forville - Mus\u00e9e Victor Tuby","robots":{"index":"index","follow":"follow","max-snippet":"max-snippet:-1","max-image-preview":"max-image-preview:large","max-video-preview":"max-video-preview:-1"},"canonical":"https:\/\/www.moulinforville.com\/wordpress\/presentation-de-victor-tuby\/","og_locale":"fr_FR","og_type":"article","og_title":"Pr\u00e9sentation de Victor Tuby - Moulin Forville - Mus\u00e9e Victor Tuby","og_description":"Chapitre 1- L\u2019aura de Tuby A sa mort, le 31 d\u00e9cembre 1945, Victor Tuby est consid\u00e9r\u00e9 comme le chantre de la Provence. En quelques vingt-cinq ans, il a produit une \u0153uvre mat\u00e9rielle et immat\u00e9rielle inscrite dans le mouvement de la Renaissance de la culture proven\u00e7ale. Il se veut disciple de Fr\u00e9d\u00e9ric Mistral, fonde l\u2019Acad\u00e9mie Proven\u00e7ale&hellip; Poursuivre la lecture Pr\u00e9sentation de Victor Tuby","og_url":"https:\/\/www.moulinforville.com\/wordpress\/presentation-de-victor-tuby\/","og_site_name":"Moulin Forville - Mus\u00e9e Victor Tuby","article_modified_time":"2023-11-20T09:43:36+00:00","og_image":[{"url":"https:\/\/www.moulinforville.com\/wordpress\/wp-content\/uploads\/2023\/11\/Tuby2-218x300.jpg","type":"","width":"","height":""}],"twitter_card":"summary_large_image","twitter_misc":{"Dur\u00e9e de lecture estim\u00e9e":"7 minutes"},"schema":{"@context":"https:\/\/schema.org","@graph":[{"@type":"WebPage","@id":"https:\/\/www.moulinforville.com\/wordpress\/presentation-de-victor-tuby\/","url":"https:\/\/www.moulinforville.com\/wordpress\/presentation-de-victor-tuby\/","name":"Pr\u00e9sentation de Victor Tuby - Moulin Forville - Mus\u00e9e Victor Tuby","isPartOf":{"@id":"https:\/\/www.moulinforville.com\/wordpress\/#website"},"primaryImageOfPage":{"@id":"https:\/\/www.moulinforville.com\/wordpress\/presentation-de-victor-tuby\/#primaryimage"},"image":{"@id":"https:\/\/www.moulinforville.com\/wordpress\/presentation-de-victor-tuby\/#primaryimage"},"thumbnailUrl":"https:\/\/www.moulinforville.com\/wordpress\/wp-content\/uploads\/2023\/11\/Tuby2-218x300.jpg","datePublished":"2023-11-16T20:29:13+00:00","dateModified":"2023-11-20T09:43:36+00:00","breadcrumb":{"@id":"https:\/\/www.moulinforville.com\/wordpress\/presentation-de-victor-tuby\/#breadcrumb"},"inLanguage":"fr-FR","potentialAction":[{"@type":"ReadAction","target":["https:\/\/www.moulinforville.com\/wordpress\/presentation-de-victor-tuby\/"]}]},{"@type":"ImageObject","inLanguage":"fr-FR","@id":"https:\/\/www.moulinforville.com\/wordpress\/presentation-de-victor-tuby\/#primaryimage","url":"https:\/\/www.moulinforville.com\/wordpress\/wp-content\/uploads\/2023\/11\/Tuby2-scaled.jpg","contentUrl":"https:\/\/www.moulinforville.com\/wordpress\/wp-content\/uploads\/2023\/11\/Tuby2-scaled.jpg","width":1859,"height":2560},{"@type":"BreadcrumbList","@id":"https:\/\/www.moulinforville.com\/wordpress\/presentation-de-victor-tuby\/#breadcrumb","itemListElement":[{"@type":"ListItem","position":1,"name":"Accueil","item":"https:\/\/www.moulinforville.com\/wordpress\/"},{"@type":"ListItem","position":2,"name":"Pr\u00e9sentation de Victor Tuby"}]},{"@type":"WebSite","@id":"https:\/\/www.moulinforville.com\/wordpress\/#website","url":"https:\/\/www.moulinforville.com\/wordpress\/","name":"Moulin Forville - Mus\u00e9e Victor Tuby","description":"","publisher":{"@id":"https:\/\/www.moulinforville.com\/wordpress\/#organization"},"potentialAction":[{"@type":"SearchAction","target":{"@type":"EntryPoint","urlTemplate":"https:\/\/www.moulinforville.com\/wordpress\/?s={search_term_string}"},"query-input":{"@type":"PropertyValueSpecification","valueRequired":true,"valueName":"search_term_string"}}],"inLanguage":"fr-FR"},{"@type":"Organization","@id":"https:\/\/www.moulinforville.com\/wordpress\/#organization","name":"Moulin Forville - Mus\u00e9e Victor Tuby","url":"https:\/\/www.moulinforville.com\/wordpress\/","logo":{"@type":"ImageObject","inLanguage":"fr-FR","@id":"https:\/\/www.moulinforville.com\/wordpress\/#\/schema\/logo\/image\/","url":"https:\/\/www.moulinforville.com\/wordpress\/wp-content\/uploads\/2023\/11\/logo-moulin-r-e1700156841480.jpg","contentUrl":"https:\/\/www.moulinforville.com\/wordpress\/wp-content\/uploads\/2023\/11\/logo-moulin-r-e1700156841480.jpg","width":740,"height":691,"caption":"Moulin Forville - Mus\u00e9e Victor Tuby"},"image":{"@id":"https:\/\/www.moulinforville.com\/wordpress\/#\/schema\/logo\/image\/"}}]}},"_links":{"self":[{"href":"https:\/\/www.moulinforville.com\/wordpress\/wp-json\/wp\/v2\/pages\/182","targetHints":{"allow":["GET"]}}],"collection":[{"href":"https:\/\/www.moulinforville.com\/wordpress\/wp-json\/wp\/v2\/pages"}],"about":[{"href":"https:\/\/www.moulinforville.com\/wordpress\/wp-json\/wp\/v2\/types\/page"}],"author":[{"embeddable":true,"href":"https:\/\/www.moulinforville.com\/wordpress\/wp-json\/wp\/v2\/users\/1"}],"replies":[{"embeddable":true,"href":"https:\/\/www.moulinforville.com\/wordpress\/wp-json\/wp\/v2\/comments?post=182"}],"version-history":[{"count":31,"href":"https:\/\/www.moulinforville.com\/wordpress\/wp-json\/wp\/v2\/pages\/182\/revisions"}],"predecessor-version":[{"id":476,"href":"https:\/\/www.moulinforville.com\/wordpress\/wp-json\/wp\/v2\/pages\/182\/revisions\/476"}],"wp:attachment":[{"href":"https:\/\/www.moulinforville.com\/wordpress\/wp-json\/wp\/v2\/media?parent=182"}],"curies":[{"name":"wp","href":"https:\/\/api.w.org\/{rel}","templated":true}]}}