{"id":31,"date":"2023-11-12T19:10:52","date_gmt":"2023-11-12T18:10:52","guid":{"rendered":"https:\/\/www.moulinforville.com\/wordpress\/?page_id=31"},"modified":"2024-06-22T15:12:00","modified_gmt":"2024-06-22T13:12:00","slug":"accueil-moulin","status":"publish","type":"page","link":"https:\/\/www.moulinforville.com\/wordpress\/","title":{"rendered":"Accueil Moulin"},"content":{"rendered":"\t\t<div data-elementor-type=\"wp-page\" data-elementor-id=\"31\" class=\"elementor elementor-31\">\n\t\t\t\t<div class=\"elementor-element elementor-element-1db300a6 e-flex e-con-boxed e-con e-parent\" data-id=\"1db300a6\" data-element_type=\"container\" data-e-type=\"container\">\n\t\t\t\t\t<div class=\"e-con-inner\">\n\t\t\t\t<div class=\"elementor-element elementor-element-4a7e9c02 elementor-widget elementor-widget-text-editor\" data-id=\"4a7e9c02\" data-element_type=\"widget\" data-e-type=\"widget\" data-widget_type=\"text-editor.default\">\n\t\t\t\t<div class=\"elementor-widget-container\">\n\t\t\t\t\t\t\t\t\t\n<h3>Bienvenue sur le site d\u00e9di\u00e9 \u00e0 Victor Tuby<\/h3>\n<p>\u00a0<\/p>\n\t\t\t\t\t\t\t\t<\/div>\n\t\t\t\t<\/div>\n\t\t\t\t\t<\/div>\n\t\t\t\t<\/div>\n\t\t<div class=\"elementor-element elementor-element-4938466 e-flex e-con-boxed e-con e-parent\" data-id=\"4938466\" data-element_type=\"container\" data-e-type=\"container\">\n\t\t\t\t\t<div class=\"e-con-inner\">\n\t\t\t\t<div class=\"elementor-element elementor-element-7407964 elementor-widget elementor-widget-image\" data-id=\"7407964\" data-element_type=\"widget\" data-e-type=\"widget\" data-widget_type=\"image.default\">\n\t\t\t\t<div class=\"elementor-widget-container\">\n\t\t\t\t\t\t\t\t\t\t\t\t\t\t\t<img fetchpriority=\"high\" decoding=\"async\" width=\"680\" height=\"991\" src=\"https:\/\/www.moulinforville.com\/wordpress\/wp-content\/uploads\/2023\/11\/Victor-Tuby1-e1700331036737.jpg\" class=\"attachment-medium_large size-medium_large wp-image-330\" alt=\"\" srcset=\"https:\/\/www.moulinforville.com\/wordpress\/wp-content\/uploads\/2023\/11\/Victor-Tuby1-e1700331036737.jpg 680w, https:\/\/www.moulinforville.com\/wordpress\/wp-content\/uploads\/2023\/11\/Victor-Tuby1-e1700331036737-206x300.jpg 206w\" sizes=\"(max-width: 680px) 100vw, 680px\" style=\"width:100%;height:145.74%;max-width:680px\" \/>\t\t\t\t\t\t\t\t\t\t\t\t\t\t\t<\/div>\n\t\t\t\t<\/div>\n\t\t\t\t\t<\/div>\n\t\t\t\t<\/div>\n\t\t<div class=\"elementor-element elementor-element-6bc1c3e e-flex e-con-boxed e-con e-parent\" data-id=\"6bc1c3e\" data-element_type=\"container\" data-e-type=\"container\">\n\t\t\t\t\t<div class=\"e-con-inner\">\n\t\t\t\t<div class=\"elementor-element elementor-element-4b9e0f1 elementor-widget elementor-widget-text-editor\" data-id=\"4b9e0f1\" data-element_type=\"widget\" data-e-type=\"widget\" data-widget_type=\"text-editor.default\">\n\t\t\t\t<div class=\"elementor-widget-container\">\n\t\t\t\t\t\t\t\t\t<p>Vous y trouverez sa vie, son oeuvre, son h\u00e9ritage et son mus\u00e9e.<\/p>\t\t\t\t\t\t\t\t<\/div>\n\t\t\t\t<\/div>\n\t\t\t\t\t<\/div>\n\t\t\t\t<\/div>\n\t\t<div class=\"elementor-element elementor-element-bdf3e21 e-flex e-con-boxed e-con e-parent\" data-id=\"bdf3e21\" data-element_type=\"container\" data-e-type=\"container\">\n\t\t\t\t\t<div class=\"e-con-inner\">\n\t\t\t\t<div class=\"elementor-element elementor-element-0fd65f4 elementor-widget elementor-widget-text-editor\" data-id=\"0fd65f4\" data-element_type=\"widget\" data-e-type=\"widget\" data-widget_type=\"text-editor.default\">\n\t\t\t\t<div class=\"elementor-widget-container\">\n\t\t\t\t\t\t\t\t\t<p style=\"text-align: center;\">Association Moulin Forville-Mus\u00e9e Victor Tuby<\/p>\n<p style=\"text-align: center;\">17 rue Forville 06400 CANNES<\/p>\n<p style=\"text-align: center;\">moulinforville@gmail.com<\/p>\n<p style=\"text-align: center;\">tel : 06 09 87 08 87<\/p>\t\t\t\t\t\t\t\t<\/div>\n\t\t\t\t<\/div>\n\t\t\t\t\t<\/div>\n\t\t\t\t<\/div>\n\t\t\t\t<\/div>\n\t\t","protected":false},"excerpt":{"rendered":"<p>Bienvenue sur le site d\u00e9di\u00e9 \u00e0 Victor Tuby \u00a0 Vous y trouverez sa vie, son oeuvre, son h\u00e9ritage et son mus\u00e9e. Association Moulin Forville-Mus\u00e9e Victor Tuby 17 rue Forville 06400 CANNES moulinforville@gmail.com tel : 06 09 87 08 87<\/p>\n","protected":false},"author":1,"featured_media":0,"parent":0,"menu_order":0,"comment_status":"closed","ping_status":"closed","template":"","meta":{"footnotes":""},"class_list":["post-31","page","type-page","status-publish","hentry","entry"],"yoast_head":"<!-- This site is optimized with the Yoast SEO plugin v27.3 - https:\/\/yoast.com\/product\/yoast-seo-wordpress\/ -->\r\n<title>Accueil Moulin - Moulin Forville - Mus\u00e9e Victor Tuby<\/title>\r\n<meta name=\"robots\" content=\"index, follow, max-snippet:-1, max-image-preview:large, max-video-preview:-1\" \/>\r\n<link rel=\"canonical\" href=\"https:\/\/www.moulinforville.com\/wordpress\/\" \/>\r\n<meta property=\"og:locale\" content=\"fr_FR\" \/>\r\n<meta property=\"og:type\" content=\"article\" \/>\r\n<meta property=\"og:title\" content=\"Accueil Moulin - Moulin Forville - Mus\u00e9e Victor Tuby\" \/>\r\n<meta property=\"og:description\" content=\"Bienvenue sur le site d\u00e9di\u00e9 \u00e0 Victor Tuby \u00a0 Vous y trouverez sa vie, son oeuvre, son h\u00e9ritage et son mus\u00e9e. Association Moulin Forville-Mus\u00e9e Victor Tuby 17 rue Forville 06400 CANNES moulinforville@gmail.com tel : 06 09 87 08 87\" \/>\r\n<meta property=\"og:url\" content=\"https:\/\/www.moulinforville.com\/wordpress\/\" \/>\r\n<meta property=\"og:site_name\" content=\"Moulin Forville - Mus\u00e9e Victor Tuby\" \/>\r\n<meta property=\"article:modified_time\" content=\"2024-06-22T13:12:00+00:00\" \/>\r\n<meta property=\"og:image\" content=\"https:\/\/www.moulinforville.com\/wordpress\/wp-content\/uploads\/2023\/11\/Victor-Tuby1-e1700331036737.jpg\" \/>\r\n<meta name=\"twitter:card\" content=\"summary_large_image\" \/>\r\n<meta name=\"twitter:label1\" content=\"Dur\u00e9e de lecture estim\u00e9e\" \/>\n\t<meta name=\"twitter:data1\" content=\"1 minute\" \/>\r\n<script type=\"application\/ld+json\" class=\"yoast-schema-graph\">{\"@context\":\"https:\\\/\\\/schema.org\",\"@graph\":[{\"@type\":\"WebPage\",\"@id\":\"https:\\\/\\\/www.moulinforville.com\\\/wordpress\\\/\",\"url\":\"https:\\\/\\\/www.moulinforville.com\\\/wordpress\\\/\",\"name\":\"Accueil Moulin - Moulin Forville - Mus\u00e9e Victor Tuby\",\"isPartOf\":{\"@id\":\"https:\\\/\\\/www.moulinforville.com\\\/wordpress\\\/#website\"},\"primaryImageOfPage\":{\"@id\":\"https:\\\/\\\/www.moulinforville.com\\\/wordpress\\\/#primaryimage\"},\"image\":{\"@id\":\"https:\\\/\\\/www.moulinforville.com\\\/wordpress\\\/#primaryimage\"},\"thumbnailUrl\":\"https:\\\/\\\/www.moulinforville.com\\\/wordpress\\\/wp-content\\\/uploads\\\/2023\\\/11\\\/Victor-Tuby1-e1700331036737.jpg\",\"datePublished\":\"2023-11-12T18:10:52+00:00\",\"dateModified\":\"2024-06-22T13:12:00+00:00\",\"breadcrumb\":{\"@id\":\"https:\\\/\\\/www.moulinforville.com\\\/wordpress\\\/#breadcrumb\"},\"inLanguage\":\"fr-FR\",\"potentialAction\":[{\"@type\":\"ReadAction\",\"target\":[\"https:\\\/\\\/www.moulinforville.com\\\/wordpress\\\/\"]}]},{\"@type\":\"ImageObject\",\"inLanguage\":\"fr-FR\",\"@id\":\"https:\\\/\\\/www.moulinforville.com\\\/wordpress\\\/#primaryimage\",\"url\":\"https:\\\/\\\/www.moulinforville.com\\\/wordpress\\\/wp-content\\\/uploads\\\/2023\\\/11\\\/Victor-Tuby1-e1700331036737.jpg\",\"contentUrl\":\"https:\\\/\\\/www.moulinforville.com\\\/wordpress\\\/wp-content\\\/uploads\\\/2023\\\/11\\\/Victor-Tuby1-e1700331036737.jpg\",\"width\":680,\"height\":991},{\"@type\":\"BreadcrumbList\",\"@id\":\"https:\\\/\\\/www.moulinforville.com\\\/wordpress\\\/#breadcrumb\",\"itemListElement\":[{\"@type\":\"ListItem\",\"position\":1,\"name\":\"Accueil\",\"item\":\"https:\\\/\\\/www.moulinforville.com\\\/wordpress\\\/\"},{\"@type\":\"ListItem\",\"position\":2,\"name\":\"Accueil Moulin\"}]},{\"@type\":\"WebSite\",\"@id\":\"https:\\\/\\\/www.moulinforville.com\\\/wordpress\\\/#website\",\"url\":\"https:\\\/\\\/www.moulinforville.com\\\/wordpress\\\/\",\"name\":\"Moulin Forville - Mus\u00e9e Victor Tuby\",\"description\":\"\",\"publisher\":{\"@id\":\"https:\\\/\\\/www.moulinforville.com\\\/wordpress\\\/#organization\"},\"potentialAction\":[{\"@type\":\"SearchAction\",\"target\":{\"@type\":\"EntryPoint\",\"urlTemplate\":\"https:\\\/\\\/www.moulinforville.com\\\/wordpress\\\/?s={search_term_string}\"},\"query-input\":{\"@type\":\"PropertyValueSpecification\",\"valueRequired\":true,\"valueName\":\"search_term_string\"}}],\"inLanguage\":\"fr-FR\"},{\"@type\":\"Organization\",\"@id\":\"https:\\\/\\\/www.moulinforville.com\\\/wordpress\\\/#organization\",\"name\":\"Moulin Forville - Mus\u00e9e Victor Tuby\",\"url\":\"https:\\\/\\\/www.moulinforville.com\\\/wordpress\\\/\",\"logo\":{\"@type\":\"ImageObject\",\"inLanguage\":\"fr-FR\",\"@id\":\"https:\\\/\\\/www.moulinforville.com\\\/wordpress\\\/#\\\/schema\\\/logo\\\/image\\\/\",\"url\":\"https:\\\/\\\/www.moulinforville.com\\\/wordpress\\\/wp-content\\\/uploads\\\/2023\\\/11\\\/logo-moulin-r-e1700156841480.jpg\",\"contentUrl\":\"https:\\\/\\\/www.moulinforville.com\\\/wordpress\\\/wp-content\\\/uploads\\\/2023\\\/11\\\/logo-moulin-r-e1700156841480.jpg\",\"width\":740,\"height\":691,\"caption\":\"Moulin Forville - Mus\u00e9e Victor Tuby\"},\"image\":{\"@id\":\"https:\\\/\\\/www.moulinforville.com\\\/wordpress\\\/#\\\/schema\\\/logo\\\/image\\\/\"}}]}<\/script>\r\n<!-- \/ Yoast SEO plugin. -->","yoast_head_json":{"title":"Accueil Moulin - Moulin Forville - Mus\u00e9e Victor Tuby","robots":{"index":"index","follow":"follow","max-snippet":"max-snippet:-1","max-image-preview":"max-image-preview:large","max-video-preview":"max-video-preview:-1"},"canonical":"https:\/\/www.moulinforville.com\/wordpress\/","og_locale":"fr_FR","og_type":"article","og_title":"Accueil Moulin - Moulin Forville - Mus\u00e9e Victor Tuby","og_description":"Bienvenue sur le site d\u00e9di\u00e9 \u00e0 Victor Tuby \u00a0 Vous y trouverez sa vie, son oeuvre, son h\u00e9ritage et son mus\u00e9e. Association Moulin Forville-Mus\u00e9e Victor Tuby 17 rue Forville 06400 CANNES moulinforville@gmail.com tel : 06 09 87 08 87","og_url":"https:\/\/www.moulinforville.com\/wordpress\/","og_site_name":"Moulin Forville - Mus\u00e9e Victor Tuby","article_modified_time":"2024-06-22T13:12:00+00:00","og_image":[{"url":"https:\/\/www.moulinforville.com\/wordpress\/wp-content\/uploads\/2023\/11\/Victor-Tuby1-e1700331036737.jpg","type":"","width":"","height":""}],"twitter_card":"summary_large_image","twitter_misc":{"Dur\u00e9e de lecture estim\u00e9e":"1 minute"},"schema":{"@context":"https:\/\/schema.org","@graph":[{"@type":"WebPage","@id":"https:\/\/www.moulinforville.com\/wordpress\/","url":"https:\/\/www.moulinforville.com\/wordpress\/","name":"Accueil Moulin - Moulin Forville - Mus\u00e9e Victor Tuby","isPartOf":{"@id":"https:\/\/www.moulinforville.com\/wordpress\/#website"},"primaryImageOfPage":{"@id":"https:\/\/www.moulinforville.com\/wordpress\/#primaryimage"},"image":{"@id":"https:\/\/www.moulinforville.com\/wordpress\/#primaryimage"},"thumbnailUrl":"https:\/\/www.moulinforville.com\/wordpress\/wp-content\/uploads\/2023\/11\/Victor-Tuby1-e1700331036737.jpg","datePublished":"2023-11-12T18:10:52+00:00","dateModified":"2024-06-22T13:12:00+00:00","breadcrumb":{"@id":"https:\/\/www.moulinforville.com\/wordpress\/#breadcrumb"},"inLanguage":"fr-FR","potentialAction":[{"@type":"ReadAction","target":["https:\/\/www.moulinforville.com\/wordpress\/"]}]},{"@type":"ImageObject","inLanguage":"fr-FR","@id":"https:\/\/www.moulinforville.com\/wordpress\/#primaryimage","url":"https:\/\/www.moulinforville.com\/wordpress\/wp-content\/uploads\/2023\/11\/Victor-Tuby1-e1700331036737.jpg","contentUrl":"https:\/\/www.moulinforville.com\/wordpress\/wp-content\/uploads\/2023\/11\/Victor-Tuby1-e1700331036737.jpg","width":680,"height":991},{"@type":"BreadcrumbList","@id":"https:\/\/www.moulinforville.com\/wordpress\/#breadcrumb","itemListElement":[{"@type":"ListItem","position":1,"name":"Accueil","item":"https:\/\/www.moulinforville.com\/wordpress\/"},{"@type":"ListItem","position":2,"name":"Accueil Moulin"}]},{"@type":"WebSite","@id":"https:\/\/www.moulinforville.com\/wordpress\/#website","url":"https:\/\/www.moulinforville.com\/wordpress\/","name":"Moulin Forville - Mus\u00e9e Victor Tuby","description":"","publisher":{"@id":"https:\/\/www.moulinforville.com\/wordpress\/#organization"},"potentialAction":[{"@type":"SearchAction","target":{"@type":"EntryPoint","urlTemplate":"https:\/\/www.moulinforville.com\/wordpress\/?s={search_term_string}"},"query-input":{"@type":"PropertyValueSpecification","valueRequired":true,"valueName":"search_term_string"}}],"inLanguage":"fr-FR"},{"@type":"Organization","@id":"https:\/\/www.moulinforville.com\/wordpress\/#organization","name":"Moulin Forville - Mus\u00e9e Victor Tuby","url":"https:\/\/www.moulinforville.com\/wordpress\/","logo":{"@type":"ImageObject","inLanguage":"fr-FR","@id":"https:\/\/www.moulinforville.com\/wordpress\/#\/schema\/logo\/image\/","url":"https:\/\/www.moulinforville.com\/wordpress\/wp-content\/uploads\/2023\/11\/logo-moulin-r-e1700156841480.jpg","contentUrl":"https:\/\/www.moulinforville.com\/wordpress\/wp-content\/uploads\/2023\/11\/logo-moulin-r-e1700156841480.jpg","width":740,"height":691,"caption":"Moulin Forville - Mus\u00e9e Victor Tuby"},"image":{"@id":"https:\/\/www.moulinforville.com\/wordpress\/#\/schema\/logo\/image\/"}}]}},"_links":{"self":[{"href":"https:\/\/www.moulinforville.com\/wordpress\/wp-json\/wp\/v2\/pages\/31","targetHints":{"allow":["GET"]}}],"collection":[{"href":"https:\/\/www.moulinforville.com\/wordpress\/wp-json\/wp\/v2\/pages"}],"about":[{"href":"https:\/\/www.moulinforville.com\/wordpress\/wp-json\/wp\/v2\/types\/page"}],"author":[{"embeddable":true,"href":"https:\/\/www.moulinforville.com\/wordpress\/wp-json\/wp\/v2\/users\/1"}],"replies":[{"embeddable":true,"href":"https:\/\/www.moulinforville.com\/wordpress\/wp-json\/wp\/v2\/comments?post=31"}],"version-history":[{"count":21,"href":"https:\/\/www.moulinforville.com\/wordpress\/wp-json\/wp\/v2\/pages\/31\/revisions"}],"predecessor-version":[{"id":630,"href":"https:\/\/www.moulinforville.com\/wordpress\/wp-json\/wp\/v2\/pages\/31\/revisions\/630"}],"wp:attachment":[{"href":"https:\/\/www.moulinforville.com\/wordpress\/wp-json\/wp\/v2\/media?parent=31"}],"curies":[{"name":"wp","href":"https:\/\/api.w.org\/{rel}","templated":true}]}}